{"id":12,"date":"2016-03-20T22:16:20","date_gmt":"2016-03-20T21:16:20","guid":{"rendered":"http:\/\/voyage-partage.fr\/?page_id=12"},"modified":"2020-04-11T23:20:08","modified_gmt":"2020-04-11T22:20:08","slug":"la-carte-interactive","status":"publish","type":"page","link":"https:\/\/voyage-partage.fr\/index.php\/la-carte-interactive\/","title":{"rendered":"L&rsquo;itin\u00e9raire"},"content":{"rendered":"<div id=\"carte\"><strong>Voici mon itin\u00e9raire pour la premi\u00e8re ann\u00e9e ! Des petits num\u00e9ros vous indiquent le sens des \u00e9tapes. Si vous \u00eates un globe-trotteur, vous savez qu&rsquo;un itin\u00e9raire varie toujours au cours d&rsquo;un voyage. Attendez-vous donc \u00e0 quelques changements. Comme vous pouvez le constater, depuis le d\u00e9but de mon p\u00e9riple j&rsquo;ai \u00e9t\u00e9 amen\u00e9 \u00e0 revenir en France deux fois. La premi\u00e8re, c&rsquo;est parce que ayant pass\u00e9<a href=\"https:\/\/voyage-partage.fr\/index.php\/2019\/09\/24\/voyage-partage-1-an-deja\/\"> 8 mois en Egypte au lieu des 3 mois pr\u00e9vus<\/a> \u00e0 la base, il faisait trop chaud pour continuer \u00e0 voyager vers le sud et j&rsquo;avais besoin de trouver un moyen plus important de financer mon projet. La deuxi\u00e8me, c&rsquo;est la pand\u00e9mie de Covid-19&#8230; En cliquant sur les \u00e9tapes vous aurez des informations sur chaque pays.<\/strong><\/div>\n<div><\/div>\n<div><\/div>\n<div style=\"position: relative; margin: 5px 0 5px 0; padding-bottom: 56.25%; height: 0; clear: both;\"><iframe loading=\"lazy\" style=\"position: absolute; top: 0; left: 0; width: 100%; height: 100%; border: 0;\" src=\"https:\/\/planificateur.a-contresens.net\/embed-itineraire\/95276-carte?flag=0&amp;style=acontresens&amp;climate=0&amp;itinerary=0&amp;co2=0&amp;budget=0&amp;centercurrentstep=0&amp;stepnumber=1&amp;futurstep=normal\" width=\"300\" height=\"150\" frameborder=\"0\" allowfullscreen=\"allowfullscreen\"><\/iframe><\/div>\n<p><!--- vous pouvez supprimer les lignes ci-dessous ou les laisser si vous souhaiter nous aider \u00e0 promouvoir notre service --><\/p>\n<p><a href=\"https:\/\/planificateur.a-contresens.net\/itineraire\/95276\">Cet itin\u00e9raire<\/a> a \u00e9t\u00e9 cr\u00e9\u00e9 \u00e0 l&rsquo;aide du site <a href=\"https:\/\/planificateur.a-contresens.net\">Le planificateur de voyages<\/a><\/p>\n","protected":false},"excerpt":{"rendered":"<p>Voici mon itin\u00e9raire pour la premi\u00e8re ann\u00e9e ! Des petits num\u00e9ros vous indiquent le sens des \u00e9tapes. Si vous \u00eates un globe-trotteur, vous savez qu&rsquo;un itin\u00e9raire varie toujours au cours d&rsquo;un voyage. Attendez-vous donc \u00e0 quelques changements. Comme vous pouvez le constater, depuis le d\u00e9but de mon p\u00e9riple j&rsquo;ai \u00e9t\u00e9 amen\u00e9 \u00e0 revenir en France [&hellip;]<\/p>\n","protected":false},"author":1,"featured_media":0,"parent":0,"menu_order":0,"comment_status":"closed","ping_status":"closed","template":"","meta":{"sfsi_plus_gutenberg_text_before_share":"","sfsi_plus_gutenberg_show_text_before_share":"","sfsi_plus_gutenberg_icon_type":"","sfsi_plus_gutenberg_icon_alignemt":"","sfsi_plus_gutenburg_max_per_row":"","_exactmetrics_skip_tracking":false,"_exactmetrics_sitenote_active":false,"_exactmetrics_sitenote_note":"","_exactmetrics_sitenote_category":0,"footnotes":""},"tags":[],"class_list":["post-12","page","type-page","status-publish","hentry"],"post_mailing_queue_ids":[],"_links":{"self":[{"href":"https:\/\/voyage-partage.fr\/index.php\/wp-json\/wp\/v2\/pages\/12","targetHints":{"allow":["GET"]}}],"collection":[{"href":"https:\/\/voyage-partage.fr\/index.php\/wp-json\/wp\/v2\/pages"}],"about":[{"href":"https:\/\/voyage-partage.fr\/index.php\/wp-json\/wp\/v2\/types\/page"}],"author":[{"embeddable":true,"href":"https:\/\/voyage-partage.fr\/index.php\/wp-json\/wp\/v2\/users\/1"}],"replies":[{"embeddable":true,"href":"https:\/\/voyage-partage.fr\/index.php\/wp-json\/wp\/v2\/comments?post=12"}],"version-history":[{"count":30,"href":"https:\/\/voyage-partage.fr\/index.php\/wp-json\/wp\/v2\/pages\/12\/revisions"}],"predecessor-version":[{"id":2191,"href":"https:\/\/voyage-partage.fr\/index.php\/wp-json\/wp\/v2\/pages\/12\/revisions\/2191"}],"wp:attachment":[{"href":"https:\/\/voyage-partage.fr\/index.php\/wp-json\/wp\/v2\/media?parent=12"}],"wp:term":[{"taxonomy":"post_tag","embeddable":true,"href":"https:\/\/voyage-partage.fr\/index.php\/wp-json\/wp\/v2\/tags?post=12"}],"curies":[{"name":"wp","href":"https:\/\/api.w.org\/{rel}","templated":true}]}}