{"id":124,"date":"2016-05-21T18:02:16","date_gmt":"2016-05-21T17:02:16","guid":{"rendered":"http:\/\/voyage-partage.fr\/?page_id=124"},"modified":"2020-04-11T23:36:43","modified_gmt":"2020-04-11T22:36:43","slug":"le-projet","status":"publish","type":"page","link":"https:\/\/voyage-partage.fr\/index.php\/le-projet\/","title":{"rendered":"Le projet"},"content":{"rendered":"<p><strong>Nous sommes tous tellement diff\u00e9rents et pourtant si semblables. Nous avons tant \u00e0 apprendre les uns des autres mais l\u2019inconnu nous fait si peur&#8230; Et s&rsquo;il existait un point commun pouvant\u00a0construire des ponts entre nos cultures. Et si ce point commun c&rsquo;\u00e9tait notre curiosit\u00e9 pour comprendre comment fonctionne le monde et donc LA science ?\u00a0\u00a0<\/strong><\/p>\n<p>Durant ce voyage partag\u00e9 autour du monde, je vais\u00a0rencontrer des scientifiques dans tous les pays travers\u00e9s pour comprendre comment et sur quoi ils travaillent et monter, avec eux, des expositions sur leurs projets, leur vie, leur culture. Ces expos seront partag\u00e9es avec les habitants de ces pays et sous forme num\u00e9rique sur ce site.<\/p>\n<p><strong>Les expos<\/strong><\/p>\n<ul>\n<li>Premi\u00e8re particularit\u00e9 : le contenu de chaque expo est r\u00e9alis\u00e9 par les \u00e9quipes de scientifiques. C\u2019est elles qui d\u00e9cident comment se raconter aux autres<\/li>\n<li>Deuxi\u00e8me particularit\u00e9 : Apr\u00e8s avoir \u00e9t\u00e9 cr\u00e9\u00e9e, l\u2019exposition est d&rsquo;abord partag\u00e9e avec les habitants du pays puis amen\u00e9e dans le pays suivant et pr\u00e9sent\u00e9e aux scientifiques qui vont produire l&rsquo;exposition suivante. Ainsi les expo font, elles aussi, le tour du monde<\/li>\n<\/ul>\n<p>Chaque exposition\u00a0s&rsquo;attachera \u00e0 mettre en avant les projets de recherche d&rsquo;une ou plusieurs \u00e9quipe de scientifiques et \u00e0 les vulgariser pour le public, via notamment des exp\u00e9riences interactives. Mais elle racontera aussi comment ces chercheurs vivent et quelle est la place de la science dans leur pays.<\/p>\n<p>Elle s&rsquo;organisera en 3 volets :<\/p>\n<ul>\n<li>une partie sur l&rsquo;organisation et la vie de ces\u00a0 chercheurs\u00a0 sur le mode de \u00ab\u00a0un jour dans la vie d&rsquo;un chercheur\u00a0\u00bb Cette partie sera particuli\u00e8rement incarn\u00e9e.<\/li>\n<li>une partie tr\u00e8s concr\u00e8te et vulgaris\u00e9e sur les\u00a0projets scientifiques<\/li>\n<li>une partie sur la place de la science dans ce pays (en lien avec l&rsquo;Unesco science report toward 2030)<\/li>\n<\/ul>\n<p>Sur la route, les expositions se composeront de panneaux pvc type X banner, d\u2019un mini r\u00e9troprojecteur pour les vid\u00e9os et dans la mesure du possible d\u2019objets repr\u00e9sentatif de l&rsquo;\u00e9quipe et de ses activit\u00e9s.<\/p>\n<p>L\u2019id\u00e9e est de faire du multim\u00e9dia et de l\u2019interactif. Les expos seront donc accompagn\u00e9es de vid\u00e9os (reportage, portrait\u2026), de manipulation \u00e0 effectuer&#8230; Elles seront relay\u00e9es sur le site de l\u2019aventure et sur les r\u00e9seaux sociaux. Elles seront compl\u00e9t\u00e9es par du contenu multim\u00e9dia cr\u00e9\u00e9\u00a0 au cours du tour du monde. Les habitants seront notamment sollicit\u00e9s pour dire ce qu\u2019ils pensent des expositions,\u00a0de la science\u00a0etc.<\/p>\n<p><strong>Le parcours<\/strong><\/p>\n<p>Il commencera par l&rsquo;Afrique avec la cr\u00e9ation d\u2019une premi\u00e8re expo en Egypte. Puis il devrait passer par le Soudan, l&rsquo;\u00e9thiopie, le Kenya, la Tanzanie, le Malawi, le Mozambique, l\u2019Afrique du sud&#8230; Il remontera ensuite l&rsquo;Afrique de l&rsquo;Ouest\u00a0puis embarquera pour l&rsquo;Am\u00e9rique du Sud.\u00a0 Mais le parcours se contruira au fur et \u00e0 mesure des rencontres.<\/p>\n<p>De retour en France, j\u2019aimerais pr\u00e9senter l\u2019int\u00e9gralit\u00e9 de l\u2019exposition dans un lieu unique. Cette fois avec de vrais \u00e9crans et de grands dispositifs interactifs.<\/p>\n<p style=\"text-align: center;\"><strong>Retrouvez\u00a0ci-dessous\u00a0le dossier de pr\u00e9sentation du projet.<br \/>\n(Pour fermer la pub cliquez\u00a0 sur fermer en haut ou en bas)<\/strong><\/p>\n<p style=\"text-align: center;\"><div style=\"text-align: center; width:100%; margin: 12px auto;\"><div style=\"margin: 4px 0px;\"><a href=\"http:\/\/calameo.com\/books\/00073974326f757015435\">View this publication on Calam&eacute;o<\/a><\/div><iframe loading=\"lazy\" src=\"\/\/v.calameo.com\/?bkcode=00073974326f757015435&amp;language=fr&amp;page=&amp;showsharemenu=false&amp;mode=viewer\" width=\"100%\" height=\"450\" style=\"width:100%;height:450px\" frameborder=\"0\" scrolling=\"no\" allowtransparency allowfullscreen><\/iframe><div style=\"margin: 4px 0px; font-size: 90%;\"><a rel=\"nofollow\" href=\"http:\/\/calameo.com\/upload\">Publish<\/a> at <a href=\"http:\/\/calameo.com\">Calam&eacute;o<\/a> or <a href=\"http:\/\/calameo.com\/browse\/weekly\/?o=7&amp;w=DESC\">browse<\/a> the library.<\/div><\/div>\n","protected":false},"excerpt":{"rendered":"<p>Nous sommes tous tellement diff\u00e9rents et pourtant si semblables. Nous avons tant \u00e0 apprendre les uns des autres mais l\u2019inconnu nous fait si peur&#8230; Et s&rsquo;il existait un point commun pouvant\u00a0construire des ponts entre nos cultures. Et si ce point commun c&rsquo;\u00e9tait notre curiosit\u00e9 pour comprendre comment fonctionne le monde et donc LA science ?\u00a0\u00a0 [&hellip;]<\/p>\n","protected":false},"author":1,"featured_media":0,"parent":0,"menu_order":0,"comment_status":"closed","ping_status":"closed","template":"","meta":{"sfsi_plus_gutenberg_text_before_share":"","sfsi_plus_gutenberg_show_text_before_share":"","sfsi_plus_gutenberg_icon_type":"","sfsi_plus_gutenberg_icon_alignemt":"","sfsi_plus_gutenburg_max_per_row":"","_exactmetrics_skip_tracking":false,"_exactmetrics_sitenote_active":false,"_exactmetrics_sitenote_note":"","_exactmetrics_sitenote_category":0,"footnotes":""},"tags":[],"class_list":["post-124","page","type-page","status-publish","hentry"],"post_mailing_queue_ids":[],"_links":{"self":[{"href":"https:\/\/voyage-partage.fr\/index.php\/wp-json\/wp\/v2\/pages\/124","targetHints":{"allow":["GET"]}}],"collection":[{"href":"https:\/\/voyage-partage.fr\/index.php\/wp-json\/wp\/v2\/pages"}],"about":[{"href":"https:\/\/voyage-partage.fr\/index.php\/wp-json\/wp\/v2\/types\/page"}],"author":[{"embeddable":true,"href":"https:\/\/voyage-partage.fr\/index.php\/wp-json\/wp\/v2\/users\/1"}],"replies":[{"embeddable":true,"href":"https:\/\/voyage-partage.fr\/index.php\/wp-json\/wp\/v2\/comments?post=124"}],"version-history":[{"count":18,"href":"https:\/\/voyage-partage.fr\/index.php\/wp-json\/wp\/v2\/pages\/124\/revisions"}],"predecessor-version":[{"id":2195,"href":"https:\/\/voyage-partage.fr\/index.php\/wp-json\/wp\/v2\/pages\/124\/revisions\/2195"}],"wp:attachment":[{"href":"https:\/\/voyage-partage.fr\/index.php\/wp-json\/wp\/v2\/media?parent=124"}],"wp:term":[{"taxonomy":"post_tag","embeddable":true,"href":"https:\/\/voyage-partage.fr\/index.php\/wp-json\/wp\/v2\/tags?post=124"}],"curies":[{"name":"wp","href":"https:\/\/api.w.org\/{rel}","templated":true}]}}