{"id":14,"date":"2016-03-20T22:17:12","date_gmt":"2016-03-20T21:17:12","guid":{"rendered":"http:\/\/voyage-partage.fr\/?page_id=14"},"modified":"2018-05-13T18:57:08","modified_gmt":"2018-05-13T17:57:08","slug":"me-soutenir","status":"publish","type":"page","link":"https:\/\/voyage-partage.fr\/index.php\/me-soutenir\/","title":{"rendered":"Soutenir le projet"},"content":{"rendered":"<p><strong>Ce projet vous int\u00e9resse ? Vous souhaiteriez y participer humainement ou mat\u00e9riellement, partager vos connaissances et vos conseils. Peut-\u00eatre sugg\u00e9rer certains endroits o\u00f9 m&rsquo;arr\u00eater ? N&rsquo;h\u00e9sitez pas \u00e0 me <a href=\"http:\/\/voyage-partage.fr\/index.php\/contact-2\/\">contacter<\/a> !<\/strong><\/p>\n<p>En cliquant <a href=\"https:\/\/voyage-partage.fr\/index.php\/me-soutenir\/les-besoins\/\">ICI<\/a> vous trouverez une petite liste loin d&rsquo;\u00eatre exhaustive des besoins que je\u00a0vais\u00a0rencontrer durant le voyage. Cette liste \u00e9voluera au fil de la pr\u00e9paration et du voyage. Si vous avez d&rsquo;autres id\u00e9e pour m&rsquo;aider dans la r\u00e9alisation du projet, je suis toute ou\u00efe. Et vous pouvez bien s\u00fbr si vous le souhaitez me soutenir financi\u00e8rement via <a href=\"http:\/\/voyage-partage.fr\/index.php\/me-soutenir\/fais-ta-science\/\">mon association<\/a>.<\/p>\n<p><img loading=\"lazy\" decoding=\"async\" class=\" wp-image-448 aligncenter\" src=\"http:\/\/voyage-partage.fr\/wp-content\/uploads\/2018\/01\/tenor.gif\" alt=\"\" width=\"238\" height=\"127\" \/><\/p>\n","protected":false},"excerpt":{"rendered":"<p>Ce projet vous int\u00e9resse ? Vous souhaiteriez y participer humainement ou mat\u00e9riellement, partager vos connaissances et vos conseils. Peut-\u00eatre sugg\u00e9rer certains endroits o\u00f9 m&rsquo;arr\u00eater ? N&rsquo;h\u00e9sitez pas \u00e0 me contacter ! En cliquant ICI vous trouverez une petite liste loin d&rsquo;\u00eatre exhaustive des besoins que je\u00a0vais\u00a0rencontrer durant le voyage. Cette liste \u00e9voluera au fil de [&hellip;]<\/p>\n","protected":false},"author":1,"featured_media":0,"parent":0,"menu_order":0,"comment_status":"closed","ping_status":"closed","template":"","meta":{"sfsi_plus_gutenberg_text_before_share":"","sfsi_plus_gutenberg_show_text_before_share":"","sfsi_plus_gutenberg_icon_type":"","sfsi_plus_gutenberg_icon_alignemt":"","sfsi_plus_gutenburg_max_per_row":"","_exactmetrics_skip_tracking":false,"_exactmetrics_sitenote_active":false,"_exactmetrics_sitenote_note":"","_exactmetrics_sitenote_category":0,"footnotes":""},"tags":[65,78,76,75,73,77],"class_list":["post-14","page","type-page","status-publish","hentry","tag-aide","tag-competences","tag-merci","tag-participer","tag-soutenir","tag-soutien"],"post_mailing_queue_ids":[],"_links":{"self":[{"href":"https:\/\/voyage-partage.fr\/index.php\/wp-json\/wp\/v2\/pages\/14","targetHints":{"allow":["GET"]}}],"collection":[{"href":"https:\/\/voyage-partage.fr\/index.php\/wp-json\/wp\/v2\/pages"}],"about":[{"href":"https:\/\/voyage-partage.fr\/index.php\/wp-json\/wp\/v2\/types\/page"}],"author":[{"embeddable":true,"href":"https:\/\/voyage-partage.fr\/index.php\/wp-json\/wp\/v2\/users\/1"}],"replies":[{"embeddable":true,"href":"https:\/\/voyage-partage.fr\/index.php\/wp-json\/wp\/v2\/comments?post=14"}],"version-history":[{"count":6,"href":"https:\/\/voyage-partage.fr\/index.php\/wp-json\/wp\/v2\/pages\/14\/revisions"}],"predecessor-version":[{"id":684,"href":"https:\/\/voyage-partage.fr\/index.php\/wp-json\/wp\/v2\/pages\/14\/revisions\/684"}],"wp:attachment":[{"href":"https:\/\/voyage-partage.fr\/index.php\/wp-json\/wp\/v2\/media?parent=14"}],"wp:term":[{"taxonomy":"post_tag","embeddable":true,"href":"https:\/\/voyage-partage.fr\/index.php\/wp-json\/wp\/v2\/tags?post=14"}],"curies":[{"name":"wp","href":"https:\/\/api.w.org\/{rel}","templated":true}]}}