{"id":2,"date":"2016-03-20T19:37:55","date_gmt":"2016-03-20T18:37:55","guid":{"rendered":"http:\/\/voyage-partage.fr\/?page_id=2"},"modified":"2018-06-02T14:14:37","modified_gmt":"2018-06-02T13:14:37","slug":"page-d-exemple","status":"publish","type":"page","link":"https:\/\/voyage-partage.fr\/index.php\/page-d-exemple\/","title":{"rendered":"M\u00e9dias"},"content":{"rendered":"<ul>\n<li><a href=\"http:\/\/voyage-partage.fr\/index.php\/page-d-exemple\/mentions-dans-les-journaux\/\">Mentions dans les m\u00e9dias<\/a><\/li>\n<li><a href=\"http:\/\/voyage-partage.fr\/index.php\/kit-press\/\">Kit pour la presse<\/a><\/li>\n<li><a href=\"http:\/\/voyage-partage.fr\/index.php\/contactpresse\/\">Contact <\/a><\/li>\n<\/ul>\n<div style=\"float: center; width: 75%; padding: 7%;\">Ici appara\u00eetront sous peu toutes les infos pour les m\u00e9dias<\/div>\n","protected":false},"excerpt":{"rendered":"<p>Mentions dans les m\u00e9dias Kit pour la presse Contact Ici appara\u00eetront sous peu toutes les infos pour les m\u00e9dias<\/p>\n","protected":false},"author":1,"featured_media":0,"parent":0,"menu_order":0,"comment_status":"closed","ping_status":"closed","template":"","meta":{"sfsi_plus_gutenberg_text_before_share":"","sfsi_plus_gutenberg_show_text_before_share":"","sfsi_plus_gutenberg_icon_type":"","sfsi_plus_gutenberg_icon_alignemt":"","sfsi_plus_gutenburg_max_per_row":"","_exactmetrics_skip_tracking":false,"_exactmetrics_sitenote_active":false,"_exactmetrics_sitenote_note":"","_exactmetrics_sitenote_category":0,"footnotes":""},"tags":[],"class_list":["post-2","page","type-page","status-publish","hentry"],"post_mailing_queue_ids":[],"_links":{"self":[{"href":"https:\/\/voyage-partage.fr\/index.php\/wp-json\/wp\/v2\/pages\/2","targetHints":{"allow":["GET"]}}],"collection":[{"href":"https:\/\/voyage-partage.fr\/index.php\/wp-json\/wp\/v2\/pages"}],"about":[{"href":"https:\/\/voyage-partage.fr\/index.php\/wp-json\/wp\/v2\/types\/page"}],"author":[{"embeddable":true,"href":"https:\/\/voyage-partage.fr\/index.php\/wp-json\/wp\/v2\/users\/1"}],"replies":[{"embeddable":true,"href":"https:\/\/voyage-partage.fr\/index.php\/wp-json\/wp\/v2\/comments?post=2"}],"version-history":[{"count":14,"href":"https:\/\/voyage-partage.fr\/index.php\/wp-json\/wp\/v2\/pages\/2\/revisions"}],"predecessor-version":[{"id":779,"href":"https:\/\/voyage-partage.fr\/index.php\/wp-json\/wp\/v2\/pages\/2\/revisions\/779"}],"wp:attachment":[{"href":"https:\/\/voyage-partage.fr\/index.php\/wp-json\/wp\/v2\/media?parent=2"}],"wp:term":[{"taxonomy":"post_tag","embeddable":true,"href":"https:\/\/voyage-partage.fr\/index.php\/wp-json\/wp\/v2\/tags?post=2"}],"curies":[{"name":"wp","href":"https:\/\/api.w.org\/{rel}","templated":true}]}}