{"id":266,"date":"2017-01-05T18:33:59","date_gmt":"2017-01-05T17:33:59","guid":{"rendered":"http:\/\/voyage-partage.fr\/?page_id=266"},"modified":"2018-05-25T16:24:56","modified_gmt":"2018-05-25T15:24:56","slug":"faq","status":"publish","type":"page","link":"https:\/\/voyage-partage.fr\/index.php\/voyage-partage-le-projet\/faq\/","title":{"rendered":"FAQ"},"content":{"rendered":"<p><strong>Bienvenue dans la Faq, je mettrais ici toutes les questions les plus basiques sur ce projet ainsi que toutes celles que vous me posez ! Bonne lecture<\/strong><\/p>\n<ul>\n<li><strong>Qui suis-je ?\u00a0<\/strong>Je me pr\u00e9sente <a href=\"https:\/\/voyage-partage.fr\/index.php\/voyage-partage-le-projet\/\">ici<\/a><\/li>\n<p><\/p>\n<li id=\"couchsurfing\"><strong><img loading=\"lazy\" decoding=\"async\" class=\"wp-image-344 size-full alignright\" src=\"https:\/\/voyage-partage.fr\/wp-content\/uploads\/2017\/01\/CouchSurfing-e1486064179144.png\" width=\"150\" height=\"106\" \/>C&rsquo;est quoi couchsurfing ?\u00a0<\/strong><br \/>\nC&rsquo;est un site internet qui permet de trouver une personne acceptant de vous h\u00e9berger une ou plusieurs nuits sur son canap\u00e9. Le top pour rencontrer des locaux et passer de tr\u00e8s beaux moments. Le mieux c&rsquo;est d&rsquo;aller voir le site <a href=\"https:\/\/www.couchsurfing.fr\">www.couchsurfing.fr<\/a><\/li>\n<p><\/p>\n<li><strong>Quelle est la politique de confidentialit\u00e9 de ce site ?<br \/>\n<\/strong>Vous retrouvez toutes les informations sur l&rsquo;utilisation de vos donn\u00e9es sur cette <a href=\"https:\/\/voyage-partage.fr\/index.php\/politique-de-confidentialite\/\" target=\"_blank\" rel=\"noopener\">page<\/a>. Sachez que je n&rsquo;utilise aucunement vos donn\u00e9es \u00e0 des fins commerciales (pas de pub sur ce site). Par contre, je ne peux pas assurer la m\u00eame chose concernant les sites tiers et les plugins pr\u00e9sents sur ce site.<\/li>\n<p>\n<\/ul>\n","protected":false},"excerpt":{"rendered":"<p>Bienvenue dans la Faq, je mettrais ici toutes les questions les plus basiques sur ce projet ainsi que toutes celles que vous me posez ! Bonne lecture Qui suis-je ?\u00a0Je me pr\u00e9sente ici C&rsquo;est quoi couchsurfing ?\u00a0 C&rsquo;est un site internet qui permet de trouver une personne acceptant de vous h\u00e9berger une ou plusieurs nuits [&hellip;]<\/p>\n","protected":false},"author":1,"featured_media":0,"parent":62,"menu_order":0,"comment_status":"closed","ping_status":"closed","template":"","meta":{"sfsi_plus_gutenberg_text_before_share":"","sfsi_plus_gutenberg_show_text_before_share":"","sfsi_plus_gutenberg_icon_type":"","sfsi_plus_gutenberg_icon_alignemt":"","sfsi_plus_gutenburg_max_per_row":"","_exactmetrics_skip_tracking":false,"_exactmetrics_sitenote_active":false,"_exactmetrics_sitenote_note":"","_exactmetrics_sitenote_category":0,"footnotes":""},"tags":[],"class_list":["post-266","page","type-page","status-publish","hentry"],"post_mailing_queue_ids":[],"_links":{"self":[{"href":"https:\/\/voyage-partage.fr\/index.php\/wp-json\/wp\/v2\/pages\/266","targetHints":{"allow":["GET"]}}],"collection":[{"href":"https:\/\/voyage-partage.fr\/index.php\/wp-json\/wp\/v2\/pages"}],"about":[{"href":"https:\/\/voyage-partage.fr\/index.php\/wp-json\/wp\/v2\/types\/page"}],"author":[{"embeddable":true,"href":"https:\/\/voyage-partage.fr\/index.php\/wp-json\/wp\/v2\/users\/1"}],"replies":[{"embeddable":true,"href":"https:\/\/voyage-partage.fr\/index.php\/wp-json\/wp\/v2\/comments?post=266"}],"version-history":[{"count":9,"href":"https:\/\/voyage-partage.fr\/index.php\/wp-json\/wp\/v2\/pages\/266\/revisions"}],"predecessor-version":[{"id":730,"href":"https:\/\/voyage-partage.fr\/index.php\/wp-json\/wp\/v2\/pages\/266\/revisions\/730"}],"up":[{"embeddable":true,"href":"https:\/\/voyage-partage.fr\/index.php\/wp-json\/wp\/v2\/pages\/62"}],"wp:attachment":[{"href":"https:\/\/voyage-partage.fr\/index.php\/wp-json\/wp\/v2\/media?parent=266"}],"wp:term":[{"taxonomy":"post_tag","embeddable":true,"href":"https:\/\/voyage-partage.fr\/index.php\/wp-json\/wp\/v2\/tags?post=266"}],"curies":[{"name":"wp","href":"https:\/\/api.w.org\/{rel}","templated":true}]}}