{"id":282,"date":"2017-01-18T16:59:16","date_gmt":"2017-01-18T15:59:16","guid":{"rendered":"http:\/\/voyage-partage.fr\/?page_id=282"},"modified":"2019-09-19T18:57:23","modified_gmt":"2019-09-19T17:57:23","slug":"geo-mashup","status":"publish","type":"page","link":"https:\/\/voyage-partage.fr\/index.php\/geo-mashup\/","title":{"rendered":"La carte interactive"},"content":{"rendered":"<p><strong>Sur cette carte vous retrouverez les articles les plus importants \u00e9crits dans chaque pays. Cliquez sur un point et les articles rattach\u00e9s \u00e0 ce lieu appara\u00eetront sous la carte. Vous pouvez zoomer et d\u00e9zoomer la carte et en d\u00e9pla\u00e7ant le petit bonhomme jaune dessus vous verrez le lieu comme si vous y \u00e9tiez \ud83d\ude42 Si vous pr\u00e9f\u00e9rez lire les articles en mode blog, c&rsquo;est <a href=\"https:\/\/voyage-partage.fr\/index.php\/category\/blog\/\">ici<\/a>. <\/strong><\/p>\n<p><strong>Bonne lecture !<\/strong><\/p>\n\n\n<hr class=\"wp-block-separator\"\/>\n\n\n\n<div class=\"croix\">\n\n\n<div class=\"novo-map-container\" style=\"width: 100%; height: 600px\">\n    <div id=\"VoyagepartageZDh7S0Ompn\" style=\"width:100%; height:100%\"><\/div>\n<\/div>\n\n\n\n<\/div>\n","protected":false},"excerpt":{"rendered":"<p>Sur cette carte vous retrouverez les articles les plus importants \u00e9crits dans chaque pays. Cliquez sur un point et les articles rattach\u00e9s \u00e0 ce lieu appara\u00eetront sous la carte. Vous pouvez zoomer et d\u00e9zoomer la carte et en d\u00e9pla\u00e7ant le petit bonhomme jaune dessus vous verrez le lieu comme si vous y \u00e9tiez \ud83d\ude42 Si [&hellip;]<\/p>\n","protected":false},"author":1,"featured_media":0,"parent":0,"menu_order":0,"comment_status":"closed","ping_status":"closed","template":"","meta":{"sfsi_plus_gutenberg_text_before_share":"","sfsi_plus_gutenberg_show_text_before_share":"","sfsi_plus_gutenberg_icon_type":"","sfsi_plus_gutenberg_icon_alignemt":"","sfsi_plus_gutenburg_max_per_row":"","_exactmetrics_skip_tracking":false,"_exactmetrics_sitenote_active":false,"_exactmetrics_sitenote_note":"","_exactmetrics_sitenote_category":0,"footnotes":""},"tags":[],"class_list":["post-282","page","type-page","status-publish","hentry"],"post_mailing_queue_ids":[],"_links":{"self":[{"href":"https:\/\/voyage-partage.fr\/index.php\/wp-json\/wp\/v2\/pages\/282","targetHints":{"allow":["GET"]}}],"collection":[{"href":"https:\/\/voyage-partage.fr\/index.php\/wp-json\/wp\/v2\/pages"}],"about":[{"href":"https:\/\/voyage-partage.fr\/index.php\/wp-json\/wp\/v2\/types\/page"}],"author":[{"embeddable":true,"href":"https:\/\/voyage-partage.fr\/index.php\/wp-json\/wp\/v2\/users\/1"}],"replies":[{"embeddable":true,"href":"https:\/\/voyage-partage.fr\/index.php\/wp-json\/wp\/v2\/comments?post=282"}],"version-history":[{"count":34,"href":"https:\/\/voyage-partage.fr\/index.php\/wp-json\/wp\/v2\/pages\/282\/revisions"}],"predecessor-version":[{"id":2136,"href":"https:\/\/voyage-partage.fr\/index.php\/wp-json\/wp\/v2\/pages\/282\/revisions\/2136"}],"wp:attachment":[{"href":"https:\/\/voyage-partage.fr\/index.php\/wp-json\/wp\/v2\/media?parent=282"}],"wp:term":[{"taxonomy":"post_tag","embeddable":true,"href":"https:\/\/voyage-partage.fr\/index.php\/wp-json\/wp\/v2\/tags?post=282"}],"curies":[{"name":"wp","href":"https:\/\/api.w.org\/{rel}","templated":true}]}}