{"id":408,"date":"2017-12-28T15:57:27","date_gmt":"2017-12-28T14:57:27","guid":{"rendered":"http:\/\/voyage-partage.fr\/?page_id=408"},"modified":"2018-11-11T23:08:24","modified_gmt":"2018-11-11T22:08:24","slug":"qui-suis-je","status":"publish","type":"page","link":"https:\/\/voyage-partage.fr\/index.php\/qui-suis-je\/","title":{"rendered":"Qui suis-je ?"},"content":{"rendered":"<p><strong>Moi, c&rsquo;est Ta\u00efna, n\u00e9e en 87, ann\u00e9e de sortie de <a href=\"http:\/\/www.deezer.com\/track\/4298172?utm_source=deezer&amp;utm_content=track-4298172&amp;utm_term=3898759_1514473918&amp;utm_medium=web\" target=\"_blank\" rel=\"noopener noreferrer\"> Voyage, voyage<\/a> de Desireless (un signe ?) mais aussi heureusement de <a href=\"http:\/\/www.deezer.com\/track\/366440311?utm_source=deezer&amp;utm_content=track-366440311&amp;utm_term=3898759_1514474833&amp;utm_medium=web\" target=\"_blank\" rel=\"noopener noreferrer\">With or without you<\/a> de U2 ou encore des <a href=\"https:\/\/youtu.be\/MwNmbVJbXKM\" data-rel=\"lightbox-video-0\" target=\"_blank\" rel=\"noopener noreferrer\"> Incorruptibles <\/a>de Brian de Palma. G\u00e9n\u00e9ration minikeums, msn et billet Ryanair \u00e0 1\u20ac.<\/strong><\/p>\n<p>Cette aventure,&nbsp;c&rsquo;est le fruit de deux de mes passions : le voyage dans ce qu&rsquo;il am\u00e8ne \u00e0 d\u00e9couvrir de nouvelles choses, de nouvelles personnes&#8230; et la cr\u00e9ation d&rsquo;expositions. Le but c&rsquo;est donc de partir en voyage et de faire plusieurs expositions sur la culture des pays travers\u00e9s.<\/p>\n<p>Avant tout, je suis une grande r\u00eaveuse. J&rsquo;ai toujours eu plein de projets en t\u00eate et quand j&rsquo;\u00e9tais petite, mes parents ont eu la gentillesse de me laisser croire que tout \u00e9tait possible pour peu qu&rsquo;on le veuille vraiment. C&rsquo;est comme \u00e7a qu&rsquo;apr\u00e8s de longues ann\u00e9es d&rsquo;\u00e9tudes (sociologie, anthropologie, communication, vulgarisation des sciences, mus\u00e9ologie&#8230;), j&rsquo;ai fini par obtenir un dipl\u00f4me de journaliste scientifique et que je travaille principalement chez <a href=\"http:\/\/www.caminteresse.fr\/\">\u00e7a m&rsquo;int\u00e9resse<\/a>. C&rsquo;est le pied : tous les jours j&rsquo;apprends quelque chose de nouveau et je le fais partager aux lecteurs.<\/p>\n<p>Le virus du voyage m&rsquo;a pris \u00e0 20 ans apr\u00e8s un s\u00e9jour de trois mois en solo en Inde et n&rsquo;a jamais voulu me l\u00e2cher. Et comme je passe le cap des 30 ans l&rsquo;ann\u00e9e prochaine, il est grand temps d&rsquo;accomplir un autre de mes souhaits : faire le tour du monde.<\/p>\n<div id=\"btnsx-shortcode\" class=\"postbox \">\n<div class=\"inside\">\n<p style=\"text-align: center;\">\n<!-- Buttons X - Start -->\n<style type=\"text\/css\" scoped>\/*264-start*\/\n#btnsx-264{width:230px;height:35px;margin-top:0px;margin-bottom:0px;margin-left:0px;margin-right:0px;padding-top:9px;padding-bottom:10px;padding-left:10px;padding-right:10px;}\n#btnsx-264 .btnsx-text-primary{font-size:15px;line-height:15px;font-weight:bold;font-family:Inherit;color:#8224e3;padding-top:9px;padding-bottom:10px;padding-left:9px;padding-right:9px;}\n#btnsx-264:hover .btnsx-text-primary{color:#b78ce2;}\n#btnsx-264{background-color:#eeee22!important;}\n#btnsx-264:hover{background-color:#eded8b!important;}\n#btnsx-264{border-top-width:3px;border-bottom-width:3px;border-left-width:3px;border-right-width:3px;border-style:none;border-color:#8224e3;border-top-left-radius:0px;border-top-right-radius:0px;border-bottom-left-radius:0px;border-bottom-right-radius:0px;}\n#btnsx-264:hover{border-top-width:3px;border-bottom-width:3px;border-left-width:3px;border-right-width:3px;border-style:none;border-color:#b78ce2;border-top-left-radius:0px;border-top-right-radius:0px;border-bottom-left-radius:0px;border-bottom-right-radius:0px;}\n#btnsx-264{-webkit-box-shadow:none;box-shadow:none;}\n#btnsx-264:hover{-webkit-box-shadow:none;box-shadow:none;}\n\/*264-end*\/\n<\/style>\n<a href=\"http:\/\/voyage-partage.fr\/index.php\/le-projet\/\" id=\"btnsx-264\" target=\"_self\" class=\"btnsx-btn btnsx-btn-embossed\"  data-font-primary=\"Inherit\">\n\t<span class=\"btnsx-text-primary \">C'est quoi ce projet d'expo ?<\/span><\/a>\n\n<!-- Buttons X - End -->\n &nbsp; \n<!-- Buttons X - Start -->\n<style type=\"text\/css\" scoped>\/*313-start*\/\n#btnsx-313{width:230px;height:35px;margin-top:0px;margin-bottom:0px;margin-left:0px;margin-right:0px;padding-top:9px;padding-bottom:10px;padding-left:10px;padding-right:10px;}\n#btnsx-313 .btnsx-text-primary{font-size:15px;line-height:15px;font-weight:bold;font-family:Inherit;color:#8224e3;padding-top:9px;padding-bottom:10px;padding-left:9px;padding-right:9px;}\n#btnsx-313:hover .btnsx-text-primary{color:#b78ce2;}\n#btnsx-313{background-color:#eeee22!important;}\n#btnsx-313:hover{background-color:#eded8b!important;}\n#btnsx-313{border-top-width:3px;border-bottom-width:3px;border-left-width:3px;border-right-width:3px;border-style:none;border-color:#8224e3;border-top-left-radius:0px;border-top-right-radius:0px;border-bottom-left-radius:0px;border-bottom-right-radius:0px;}\n#btnsx-313:hover{border-top-width:3px;border-bottom-width:3px;border-left-width:3px;border-right-width:3px;border-style:none;border-color:#b78ce2;border-top-left-radius:0px;border-top-right-radius:0px;border-bottom-left-radius:0px;border-bottom-right-radius:0px;}\n#btnsx-313{-webkit-box-shadow:none;box-shadow:none;}\n#btnsx-313:hover{-webkit-box-shadow:none;box-shadow:none;}\n\/*313-end*\/\n<\/style>\n<a href=\"http:\/\/voyage-partage.fr\/index.php\/la-carte-interactive\/\" id=\"btnsx-313\" target=\"_self\" class=\"btnsx-btn btnsx-btn-embossed\"  data-font-primary=\"Inherit\">\n\t<span class=\"btnsx-text-primary \">C'est quoi l'itin\u00e9raire ?<\/span><\/a>\n\n<!-- Buttons X - End -->\n\n<p style=\"text-align: center;\">\n<!-- Buttons X - Start -->\n<style type=\"text\/css\" scoped>\/*315-start*\/\n#btnsx-315{width:230px;height:35px;margin-top:0px;margin-bottom:0px;margin-left:0px;margin-right:0px;padding-top:9px;padding-bottom:10px;padding-left:10px;padding-right:10px;}\n#btnsx-315 .btnsx-text-primary{font-size:15px;line-height:15px;font-weight:bold;font-family:Inherit;color:#8224e3;padding-top:9px;padding-bottom:10px;padding-left:9px;padding-right:9px;}\n#btnsx-315:hover .btnsx-text-primary{color:#b78ce2;}\n#btnsx-315{background-color:#eeee22!important;}\n#btnsx-315:hover{background-color:#eded8b!important;}\n#btnsx-315{border-top-width:3px;border-bottom-width:3px;border-left-width:3px;border-right-width:3px;border-style:none;border-color:#8224e3;border-top-left-radius:0px;border-top-right-radius:0px;border-bottom-left-radius:0px;border-bottom-right-radius:0px;}\n#btnsx-315:hover{border-top-width:3px;border-bottom-width:3px;border-left-width:3px;border-right-width:3px;border-style:none;border-color:#b78ce2;border-top-left-radius:0px;border-top-right-radius:0px;border-bottom-left-radius:0px;border-bottom-right-radius:0px;}\n#btnsx-315{-webkit-box-shadow:none;box-shadow:none;}\n#btnsx-315:hover{-webkit-box-shadow:none;box-shadow:none;}\n\/*315-end*\/\n<\/style>\n<a href=\"http:\/\/voyage-partage.fr\/index.php\/voyage-partage-le-projet\/faq\/\" id=\"btnsx-315\" target=\"_self\" class=\"btnsx-btn btnsx-btn-embossed\"  data-font-primary=\"Inherit\">\n\t<span class=\"btnsx-text-primary \">Questions les plus pos\u00e9es...<\/span><\/a>\n\n<!-- Buttons X - End -->\n\n<hr>\n<h3 style=\"text-align: left;\"><strong>Et pour en savoir plus sur moi !<br \/>\n<\/strong><strong>\u2192 portrait chinois<\/strong><\/h3>\n<\/div>\n<\/div>\n<p><img loading=\"lazy\" decoding=\"async\" class=\"size-full wp-image-247 alignleft\" src=\"http:\/\/voyage-partage.fr\/wp-content\/uploads\/2016\/04\/moi2-1.png\" alt=\"Portrait chinois\" width=\"280\" height=\"600\" srcset=\"https:\/\/voyage-partage.fr\/wp-content\/uploads\/2016\/04\/moi2-1.png 280w, https:\/\/voyage-partage.fr\/wp-content\/uploads\/2016\/04\/moi2-1-140x300.png 140w\" sizes=\"auto, (max-width: 280px) 100vw, 280px\" \/>Si j&rsquo;\u00e9tais une <strong>p\u00e2tisserie<\/strong> : Un cygne, cette sorte de choux \u00e0 la cr\u00e8me avec des ailes et une t\u00eate.<\/p>\n<p>Si j&rsquo;\u00e9tais un un<strong> jeu vid\u00e9o<\/strong> : Zelda ! Mon jeu pr\u00e9f\u00e9r\u00e9, m\u00e9lange d&rsquo;action et d&rsquo;\u00e9nigmes.<\/p>\n<p>Si j&rsquo;\u00e9tais <strong>une couleur<\/strong> : le vert, couleur de l&rsquo;espoir.<\/p>\n<p>Si j&rsquo;\u00e9tais <strong>un moment de la journ\u00e9e<\/strong> : le matin, l&rsquo;instant&nbsp;o\u00f9 tu te r\u00e9veilles mais que tu sais que tu peux encore dormir parce que c&rsquo;est dimanche.<\/p>\n<p>Si j&rsquo;\u00e9tais <strong>un climat<\/strong> : ciel bleu et une vingtaine de degr\u00e9, le temps id\u00e9al pour marcher.<\/p>\n<p>Si j&rsquo;\u00e9tais <strong>un arbre<\/strong> : le saule pleureur, parce qu&rsquo;il a de long cheveux ? Je ne sais pas, il m&rsquo;a toujours fascin\u00e9. Si j&rsquo;ai un arbre un jour, ce sera celui-l\u00e0.<\/p>\n<p>Si j&rsquo;\u00e9tais<strong> une valeur<\/strong> : la tol\u00e9rance<\/p>\n<p>Si j&rsquo;\u00e9tais<strong> une \u00e9motion<\/strong> : l&#8217;empathie<\/p>\n<p>Si j&rsquo;\u00e9tais <strong>une plan\u00e8te<\/strong> : Mars, j&rsquo;adorerais la visiter \ud83d\ude42<\/p>\n<p>Si j&rsquo;\u00e9tais <strong>un accessoire<\/strong> : un opinel, c&rsquo;est plus utile qu&rsquo;une pince \u00e0 cheveux (quoique&#8230;)<\/p>\n<p>&nbsp;<\/p>\n","protected":false},"excerpt":{"rendered":"<p>Moi, c&rsquo;est Ta\u00efna, n\u00e9e en 87, ann\u00e9e de sortie de Voyage, voyage de Desireless (un signe ?) mais aussi heureusement de With or without you de U2 ou encore des Incorruptibles de Brian de Palma. G\u00e9n\u00e9ration minikeums, msn et billet Ryanair \u00e0 1\u20ac. Cette aventure,&nbsp;c&rsquo;est le fruit de deux de mes passions : le voyage [&hellip;]<\/p>\n","protected":false},"author":1,"featured_media":0,"parent":0,"menu_order":0,"comment_status":"closed","ping_status":"closed","template":"","meta":{"sfsi_plus_gutenberg_text_before_share":"","sfsi_plus_gutenberg_show_text_before_share":"","sfsi_plus_gutenberg_icon_type":"","sfsi_plus_gutenberg_icon_alignemt":"","sfsi_plus_gutenburg_max_per_row":"","_exactmetrics_skip_tracking":false,"_exactmetrics_sitenote_active":false,"_exactmetrics_sitenote_note":"","_exactmetrics_sitenote_category":0,"footnotes":""},"tags":[],"class_list":["post-408","page","type-page","status-publish","hentry"],"post_mailing_queue_ids":[],"_links":{"self":[{"href":"https:\/\/voyage-partage.fr\/index.php\/wp-json\/wp\/v2\/pages\/408","targetHints":{"allow":["GET"]}}],"collection":[{"href":"https:\/\/voyage-partage.fr\/index.php\/wp-json\/wp\/v2\/pages"}],"about":[{"href":"https:\/\/voyage-partage.fr\/index.php\/wp-json\/wp\/v2\/types\/page"}],"author":[{"embeddable":true,"href":"https:\/\/voyage-partage.fr\/index.php\/wp-json\/wp\/v2\/users\/1"}],"replies":[{"embeddable":true,"href":"https:\/\/voyage-partage.fr\/index.php\/wp-json\/wp\/v2\/comments?post=408"}],"version-history":[{"count":12,"href":"https:\/\/voyage-partage.fr\/index.php\/wp-json\/wp\/v2\/pages\/408\/revisions"}],"predecessor-version":[{"id":1468,"href":"https:\/\/voyage-partage.fr\/index.php\/wp-json\/wp\/v2\/pages\/408\/revisions\/1468"}],"wp:attachment":[{"href":"https:\/\/voyage-partage.fr\/index.php\/wp-json\/wp\/v2\/media?parent=408"}],"wp:term":[{"taxonomy":"post_tag","embeddable":true,"href":"https:\/\/voyage-partage.fr\/index.php\/wp-json\/wp\/v2\/tags?post=408"}],"curies":[{"name":"wp","href":"https:\/\/api.w.org\/{rel}","templated":true}]}}