{"id":457,"date":"2018-02-25T16:23:48","date_gmt":"2018-02-25T15:23:48","guid":{"rendered":"http:\/\/voyage-partage.fr\/?page_id=457"},"modified":"2021-12-29T20:15:59","modified_gmt":"2021-12-29T19:15:59","slug":"fais-ta-science","status":"publish","type":"page","link":"https:\/\/voyage-partage.fr\/index.php\/me-soutenir\/fais-ta-science\/","title":{"rendered":"L&rsquo;asso"},"content":{"rendered":"<p style=\"text-align: center;\"><img loading=\"lazy\" decoding=\"async\" class=\"size-medium wp-image-458 aligncenter\" src=\"http:\/\/voyage-partage.fr\/wp-content\/uploads\/2018\/02\/logo_fts-300x182.png\" alt=\"\" width=\"300\" height=\"182\" srcset=\"https:\/\/voyage-partage.fr\/wp-content\/uploads\/2018\/02\/logo_fts-300x182.png 300w, https:\/\/voyage-partage.fr\/wp-content\/uploads\/2018\/02\/logo_fts-768x466.png 768w, https:\/\/voyage-partage.fr\/wp-content\/uploads\/2018\/02\/logo_fts-1024x622.png 1024w\" sizes=\"auto, (max-width: 300px) 100vw, 300px\" \/><\/p>\n<p style=\"text-align: center;\"><em>Fais ta science\u2009!<\/em> est une petite association avec de grands objectifs. Son action s\u2019est d\u2019abord concentr\u00e9e sur la publication d\u2019un magazine d\u2019exp\u00e9rimentation scientifique pour les enfants et aujourd\u2019hui, elle soutient la production des expositions scientifiques du projet.<\/p>\n<p style=\"text-align: center;\">Vous pouvez faire un don \u00e0 l&rsquo;association pour soutenir le projet VOYAGE-PARTAGE. L&rsquo;int\u00e9gralit\u00e9 du don sera utilis\u00e9 pour faire avancer le projet. Et si vous le souhaitez vous pouvez me sugg\u00e9rer un poste particulier (dans le formulaire de paiement) auquel vous voudriez que je d\u00e9die votre don. Suite \u00e0 votre don (quelque soit son montant), vous pouvez devenir adh\u00e9rent de l&rsquo;association en nous renvoyant <a href=\"https:\/\/docs.google.com\/forms\/d\/e\/1FAIpQLScoQvxMTgEzQga-d_tTsOObbIavYJ35f2TJPc4iOxQWNzD1AQ\/viewform\" target=\"_blank\" rel=\"noopener\">un bulletin d&rsquo;adh\u00e9sion<\/a>.<\/p>\n<p style=\"text-align: center;\">Si vous souhaitez faire un don\u00a0autre que financier c&rsquo;est par <a href=\"http:\/\/voyage-partage.fr\/index.php\/me-soutenir\/\">ici<\/a> \ud83d\ude42<\/p>\n<form style=\"text-align: center;\" action=\"https:\/\/www.paypal.com\/cgi-bin\/webscr\" method=\"post\" target=\"_top\"><input name=\"cmd\" type=\"hidden\" value=\"_s-xclick\" \/><br \/>\n<input name=\"hosted_button_id\" type=\"hidden\" value=\"HNX4C82D9NGLU\" \/><br \/>\n<input alt=\"PayPal, le r\u00e9flexe s\u00e9curit\u00e9 pour payer en ligne\" name=\"submit\" src=\"https:\/\/www.paypalobjects.com\/fr_FR\/FR\/i\/btn\/btn_donateCC_LG.gif\" type=\"image\" \/><br \/>\n<img loading=\"lazy\" decoding=\"async\" src=\"https:\/\/www.paypalobjects.com\/fr_FR\/i\/scr\/pixel.gif\" alt=\"\" width=\"1\" height=\"1\" border=\"0\" \/><\/p>\n<\/form>\n<p><strong>Retrouvez\u00a0ci-dessous\u00a0la pr\u00e9sentation de l&rsquo;association.<br \/>\n(Pour fermer la pub cliquez\u00a0 sur fermer en haut ou en bas)<br \/>\nEt\u00a0\u00a0<span style=\"color: #ff0000;\"><a style=\"color: #ff0000;\" href=\"http:\/\/voyage-partage.fr\/index.php\/me-soutenir\/fais-ta-science\/documents-administratifs-fais-ta-science\/\">ICI<\/a><\/span>\u00a0les documents administratifs de l&rsquo;association (statuts, JO, AG&#8230;)<\/strong><\/p>\n<p style=\"text-align: center;\">\n<p style=\"text-align: center;\"><div style=\"text-align: center; width:100%; margin: 12px auto;\"><div style=\"margin: 4px 0px;\"><a href=\"http:\/\/calameo.com\/books\/00073974381998446bd77\">View this publication on Calam&eacute;o<\/a><\/div><iframe loading=\"lazy\" src=\"\/\/v.calameo.com\/?bkcode=00073974381998446bd77&amp;language=fr&amp;page=&amp;showsharemenu=false&amp;mode=viewer\" width=\"100%\" height=\"450\" style=\"width:100%;height:450px\" frameborder=\"0\" scrolling=\"no\" allowtransparency allowfullscreen><\/iframe><div style=\"margin: 4px 0px; font-size: 90%;\"><a rel=\"nofollow\" href=\"http:\/\/calameo.com\/upload\">Publish<\/a> at <a href=\"http:\/\/calameo.com\">Calam&eacute;o<\/a> or <a href=\"http:\/\/calameo.com\/browse\/weekly\/?o=7&amp;w=DESC\">browse<\/a> the library.<\/div><\/div>\n","protected":false},"excerpt":{"rendered":"<p>Fais ta science\u2009! est une petite association avec de grands objectifs. Son action s\u2019est d\u2019abord concentr\u00e9e sur la publication d\u2019un magazine d\u2019exp\u00e9rimentation scientifique pour les enfants et aujourd\u2019hui, elle soutient la production des expositions scientifiques du projet. Vous pouvez faire un don \u00e0 l&rsquo;association pour soutenir le projet VOYAGE-PARTAGE. L&rsquo;int\u00e9gralit\u00e9 du don sera utilis\u00e9 pour [&hellip;]<\/p>\n","protected":false},"author":1,"featured_media":0,"parent":14,"menu_order":0,"comment_status":"closed","ping_status":"closed","template":"","meta":{"sfsi_plus_gutenberg_text_before_share":"","sfsi_plus_gutenberg_show_text_before_share":"","sfsi_plus_gutenberg_icon_type":"","sfsi_plus_gutenberg_icon_alignemt":"","sfsi_plus_gutenburg_max_per_row":"","_exactmetrics_skip_tracking":false,"_exactmetrics_sitenote_active":false,"_exactmetrics_sitenote_note":"","_exactmetrics_sitenote_category":0,"footnotes":""},"tags":[72,71,74,70,73],"class_list":["post-457","page","type-page","status-publish","hentry","tag-asso","tag-association","tag-don-aider","tag-fais-ta-science","tag-soutenir"],"post_mailing_queue_ids":[],"_links":{"self":[{"href":"https:\/\/voyage-partage.fr\/index.php\/wp-json\/wp\/v2\/pages\/457","targetHints":{"allow":["GET"]}}],"collection":[{"href":"https:\/\/voyage-partage.fr\/index.php\/wp-json\/wp\/v2\/pages"}],"about":[{"href":"https:\/\/voyage-partage.fr\/index.php\/wp-json\/wp\/v2\/types\/page"}],"author":[{"embeddable":true,"href":"https:\/\/voyage-partage.fr\/index.php\/wp-json\/wp\/v2\/users\/1"}],"replies":[{"embeddable":true,"href":"https:\/\/voyage-partage.fr\/index.php\/wp-json\/wp\/v2\/comments?post=457"}],"version-history":[{"count":40,"href":"https:\/\/voyage-partage.fr\/index.php\/wp-json\/wp\/v2\/pages\/457\/revisions"}],"predecessor-version":[{"id":2426,"href":"https:\/\/voyage-partage.fr\/index.php\/wp-json\/wp\/v2\/pages\/457\/revisions\/2426"}],"up":[{"embeddable":true,"href":"https:\/\/voyage-partage.fr\/index.php\/wp-json\/wp\/v2\/pages\/14"}],"wp:attachment":[{"href":"https:\/\/voyage-partage.fr\/index.php\/wp-json\/wp\/v2\/media?parent=457"}],"wp:term":[{"taxonomy":"post_tag","embeddable":true,"href":"https:\/\/voyage-partage.fr\/index.php\/wp-json\/wp\/v2\/tags?post=457"}],"curies":[{"name":"wp","href":"https:\/\/api.w.org\/{rel}","templated":true}]}}