{"id":515,"date":"2018-04-18T21:43:26","date_gmt":"2018-04-18T20:43:26","guid":{"rendered":"http:\/\/voyage-partage.fr\/?page_id=515"},"modified":"2021-12-29T20:45:29","modified_gmt":"2021-12-29T19:45:29","slug":"documents-administratifs-fais-ta-science","status":"publish","type":"page","link":"https:\/\/voyage-partage.fr\/index.php\/me-soutenir\/fais-ta-science\/documents-administratifs-fais-ta-science\/","title":{"rendered":"Documents administratifs &#8211; Fais ta science !"},"content":{"rendered":"<p><img loading=\"lazy\" decoding=\"async\" class=\"size-medium wp-image-458 aligncenter\" src=\"http:\/\/voyage-partage.fr\/wp-content\/uploads\/2018\/02\/logo_fts-300x182.png\" alt=\"\" width=\"300\" height=\"182\" srcset=\"https:\/\/voyage-partage.fr\/wp-content\/uploads\/2018\/02\/logo_fts-300x182.png 300w, https:\/\/voyage-partage.fr\/wp-content\/uploads\/2018\/02\/logo_fts-768x466.png 768w, https:\/\/voyage-partage.fr\/wp-content\/uploads\/2018\/02\/logo_fts-1024x622.png 1024w\" sizes=\"auto, (max-width: 300px) 100vw, 300px\" \/><\/p>\n<p>Retrouvez ici tous les documents administratifs concernant l&rsquo;association :<\/p>\n<p><a href=\"https:\/\/voyage-partage.fr\/wp-content\/uploads\/2021\/12\/dossier-de-presentation-2021-pages-doubles.pdf\" target=\"_blank\" rel=\"noopener\">Dossier de pr\u00e9sentation\u00a0<\/a><\/p>\n<p><a href=\"http:\/\/voyage-partage.fr\/wp-content\/uploads\/2018\/04\/JO.pdf\" target=\"_blank\" rel=\"noopener noreferrer\">Inscription au Journal Officiel<\/a><\/p>\n<p><a href=\"https:\/\/voyage-partage.fr\/wp-content\/uploads\/2018\/07\/STATUTS-ASSOCIATION-FAIS-TA-SCIENCE-2018-.pdf\" target=\"_blank\" rel=\"noopener noreferrer\">Statuts<\/a><\/p>\n<p><strong>Bulletin d&rsquo;adh\u00e9sion<\/strong><\/p>\n<p style=\"padding-left: 30px;\"><a href=\"https:\/\/goo.gl\/forms\/4shPSkB1GACP5WgL2\" target=\"_blank\" rel=\"noopener\">version en ligne<\/a><\/p>\n<p style=\"padding-left: 30px;\"><a href=\"https:\/\/voyage-partage.fr\/wp-content\/uploads\/2018\/07\/Bulletin-d\u2019adh\u00e9sion.pdf\" target=\"_blank\" rel=\"noopener\">version pdf<\/a><\/p>\n<p><a href=\"https:\/\/voyage-partage.fr\/wp-content\/uploads\/2018\/07\/R\u00c8GLEMENT-INT\u00c9RIEUR-2018-sign\u00e9-1.pdf\" target=\"_blank\" rel=\"noopener\">R\u00e9glement int\u00e9rieur<\/a><\/p>\n<form style=\"text-align: center;\" action=\"https:\/\/www.paypal.com\/cgi-bin\/webscr\" method=\"post\" target=\"_top\"><input name=\"cmd\" type=\"hidden\" value=\"_s-xclick\" \/><br \/>\n<input name=\"hosted_button_id\" type=\"hidden\" value=\"HNX4C82D9NGLU\" \/><br \/>\n<input alt=\"PayPal, le r\u00e9flexe s\u00e9curit\u00e9 pour payer en ligne\" name=\"submit\" src=\"https:\/\/www.paypalobjects.com\/fr_FR\/FR\/i\/btn\/btn_donateCC_LG.gif\" type=\"image\" \/><br \/>\n<img loading=\"lazy\" decoding=\"async\" src=\"https:\/\/www.paypalobjects.com\/fr_FR\/i\/scr\/pixel.gif\" alt=\"\" width=\"1\" height=\"1\" border=\"0\" \/><\/form>\n","protected":false},"excerpt":{"rendered":"<p>Retrouvez ici tous les documents administratifs concernant l&rsquo;association : Dossier de pr\u00e9sentation\u00a0 Inscription au Journal Officiel Statuts Bulletin d&rsquo;adh\u00e9sion version en ligne version pdf R\u00e9glement int\u00e9rieur<\/p>\n","protected":false},"author":1,"featured_media":0,"parent":457,"menu_order":0,"comment_status":"closed","ping_status":"closed","template":"","meta":{"sfsi_plus_gutenberg_text_before_share":"","sfsi_plus_gutenberg_show_text_before_share":"","sfsi_plus_gutenberg_icon_type":"","sfsi_plus_gutenberg_icon_alignemt":"","sfsi_plus_gutenburg_max_per_row":"","_exactmetrics_skip_tracking":false,"_exactmetrics_sitenote_active":false,"_exactmetrics_sitenote_note":"","_exactmetrics_sitenote_category":0,"footnotes":""},"tags":[85,87,72,71,86,70,222,84],"class_list":["post-515","page","type-page","status-publish","hentry","tag-administratif","tag-administration","tag-asso","tag-association","tag-document","tag-fais-ta-science","tag-reglement","tag-statuts"],"post_mailing_queue_ids":[],"_links":{"self":[{"href":"https:\/\/voyage-partage.fr\/index.php\/wp-json\/wp\/v2\/pages\/515","targetHints":{"allow":["GET"]}}],"collection":[{"href":"https:\/\/voyage-partage.fr\/index.php\/wp-json\/wp\/v2\/pages"}],"about":[{"href":"https:\/\/voyage-partage.fr\/index.php\/wp-json\/wp\/v2\/types\/page"}],"author":[{"embeddable":true,"href":"https:\/\/voyage-partage.fr\/index.php\/wp-json\/wp\/v2\/users\/1"}],"replies":[{"embeddable":true,"href":"https:\/\/voyage-partage.fr\/index.php\/wp-json\/wp\/v2\/comments?post=515"}],"version-history":[{"count":13,"href":"https:\/\/voyage-partage.fr\/index.php\/wp-json\/wp\/v2\/pages\/515\/revisions"}],"predecessor-version":[{"id":2430,"href":"https:\/\/voyage-partage.fr\/index.php\/wp-json\/wp\/v2\/pages\/515\/revisions\/2430"}],"up":[{"embeddable":true,"href":"https:\/\/voyage-partage.fr\/index.php\/wp-json\/wp\/v2\/pages\/457"}],"wp:attachment":[{"href":"https:\/\/voyage-partage.fr\/index.php\/wp-json\/wp\/v2\/media?parent=515"}],"wp:term":[{"taxonomy":"post_tag","embeddable":true,"href":"https:\/\/voyage-partage.fr\/index.php\/wp-json\/wp\/v2\/tags?post=515"}],"curies":[{"name":"wp","href":"https:\/\/api.w.org\/{rel}","templated":true}]}}