{"id":62,"date":"2018-11-06T15:00:27","date_gmt":"2018-11-06T14:00:27","guid":{"rendered":"http:\/\/voyage-partage.fr\/?page_id=62"},"modified":"2018-11-06T21:43:52","modified_gmt":"2018-11-06T20:43:52","slug":"voyage-partage-le-projet","status":"publish","type":"page","link":"https:\/\/voyage-partage.fr\/index.php\/voyage-partage-le-projet\/","title":{"rendered":"L&rsquo;aventure"},"content":{"rendered":"<p><b>Depuis toujours je r\u00eave de faire le tour du monde, et plus pr\u00e9cis\u00e9ment depuis&nbsp; 5-6 ans mon projet de voyage s&rsquo;est pr\u00e9cis\u00e9. Dur de le faire d\u00e9coller mais le moment est enfin arriv\u00e9.<\/b><\/p>\n<p>Quand je voyage, ce qui me pla\u00eet le plus c&rsquo;est de rencontrer de nouvelles personnes dont la culture diff\u00e8re de la mienne et d&rsquo;\u00e9changer avec eux. En parall\u00e8le,&nbsp; j&rsquo;adore la science et en particulier comprendre comment le monde fonctionne autour de moi. J&rsquo;ai souhait\u00e9 r\u00e9unir ces deux passions dans ce projet. Partager ce plaisir de la d\u00e9couverte de l&rsquo;autre et de la science \u00e0 travers des expositions qui seront faites PAR des scientifiques que je rencontrerais au fil de mon voyage.<\/p>\n<p>&nbsp;<\/p>\n<div id=\"btnsx-shortcode\" class=\"postbox \">\n<div class=\"inside\">\n<p style=\"text-align: center;\">\n<!-- Buttons X - Start -->\n<style type=\"text\/css\" scoped>\/*264-start*\/\n#btnsx-264{width:230px;height:35px;margin-top:0px;margin-bottom:0px;margin-left:0px;margin-right:0px;padding-top:9px;padding-bottom:10px;padding-left:10px;padding-right:10px;}\n#btnsx-264 .btnsx-text-primary{font-size:15px;line-height:15px;font-weight:bold;font-family:Inherit;color:#8224e3;padding-top:9px;padding-bottom:10px;padding-left:9px;padding-right:9px;}\n#btnsx-264:hover .btnsx-text-primary{color:#b78ce2;}\n#btnsx-264{background-color:#eeee22!important;}\n#btnsx-264:hover{background-color:#eded8b!important;}\n#btnsx-264{border-top-width:3px;border-bottom-width:3px;border-left-width:3px;border-right-width:3px;border-style:none;border-color:#8224e3;border-top-left-radius:0px;border-top-right-radius:0px;border-bottom-left-radius:0px;border-bottom-right-radius:0px;}\n#btnsx-264:hover{border-top-width:3px;border-bottom-width:3px;border-left-width:3px;border-right-width:3px;border-style:none;border-color:#b78ce2;border-top-left-radius:0px;border-top-right-radius:0px;border-bottom-left-radius:0px;border-bottom-right-radius:0px;}\n#btnsx-264{-webkit-box-shadow:none;box-shadow:none;}\n#btnsx-264:hover{-webkit-box-shadow:none;box-shadow:none;}\n\/*264-end*\/\n<\/style>\n<a href=\"http:\/\/voyage-partage.fr\/index.php\/le-projet\/\" id=\"btnsx-264\" target=\"_self\" class=\"btnsx-btn btnsx-btn-embossed\"  data-font-primary=\"Inherit\">\n\t<span class=\"btnsx-text-primary \">C'est quoi ce projet d'expo ?<\/span><\/a>\n\n<!-- Buttons X - End -->\n &nbsp; \n<!-- Buttons X - Start -->\n<style type=\"text\/css\" scoped>\/*313-start*\/\n#btnsx-313{width:230px;height:35px;margin-top:0px;margin-bottom:0px;margin-left:0px;margin-right:0px;padding-top:9px;padding-bottom:10px;padding-left:10px;padding-right:10px;}\n#btnsx-313 .btnsx-text-primary{font-size:15px;line-height:15px;font-weight:bold;font-family:Inherit;color:#8224e3;padding-top:9px;padding-bottom:10px;padding-left:9px;padding-right:9px;}\n#btnsx-313:hover .btnsx-text-primary{color:#b78ce2;}\n#btnsx-313{background-color:#eeee22!important;}\n#btnsx-313:hover{background-color:#eded8b!important;}\n#btnsx-313{border-top-width:3px;border-bottom-width:3px;border-left-width:3px;border-right-width:3px;border-style:none;border-color:#8224e3;border-top-left-radius:0px;border-top-right-radius:0px;border-bottom-left-radius:0px;border-bottom-right-radius:0px;}\n#btnsx-313:hover{border-top-width:3px;border-bottom-width:3px;border-left-width:3px;border-right-width:3px;border-style:none;border-color:#b78ce2;border-top-left-radius:0px;border-top-right-radius:0px;border-bottom-left-radius:0px;border-bottom-right-radius:0px;}\n#btnsx-313{-webkit-box-shadow:none;box-shadow:none;}\n#btnsx-313:hover{-webkit-box-shadow:none;box-shadow:none;}\n\/*313-end*\/\n<\/style>\n<a href=\"http:\/\/voyage-partage.fr\/index.php\/la-carte-interactive\/\" id=\"btnsx-313\" target=\"_self\" class=\"btnsx-btn btnsx-btn-embossed\"  data-font-primary=\"Inherit\">\n\t<span class=\"btnsx-text-primary \">C'est quoi l'itin\u00e9raire ?<\/span><\/a>\n\n<!-- Buttons X - End -->\n\n<p style=\"text-align: center;\">\n<!-- Buttons X - Start -->\n<style type=\"text\/css\" scoped>\/*315-start*\/\n#btnsx-315{width:230px;height:35px;margin-top:0px;margin-bottom:0px;margin-left:0px;margin-right:0px;padding-top:9px;padding-bottom:10px;padding-left:10px;padding-right:10px;}\n#btnsx-315 .btnsx-text-primary{font-size:15px;line-height:15px;font-weight:bold;font-family:Inherit;color:#8224e3;padding-top:9px;padding-bottom:10px;padding-left:9px;padding-right:9px;}\n#btnsx-315:hover .btnsx-text-primary{color:#b78ce2;}\n#btnsx-315{background-color:#eeee22!important;}\n#btnsx-315:hover{background-color:#eded8b!important;}\n#btnsx-315{border-top-width:3px;border-bottom-width:3px;border-left-width:3px;border-right-width:3px;border-style:none;border-color:#8224e3;border-top-left-radius:0px;border-top-right-radius:0px;border-bottom-left-radius:0px;border-bottom-right-radius:0px;}\n#btnsx-315:hover{border-top-width:3px;border-bottom-width:3px;border-left-width:3px;border-right-width:3px;border-style:none;border-color:#b78ce2;border-top-left-radius:0px;border-top-right-radius:0px;border-bottom-left-radius:0px;border-bottom-right-radius:0px;}\n#btnsx-315{-webkit-box-shadow:none;box-shadow:none;}\n#btnsx-315:hover{-webkit-box-shadow:none;box-shadow:none;}\n\/*315-end*\/\n<\/style>\n<a href=\"http:\/\/voyage-partage.fr\/index.php\/voyage-partage-le-projet\/faq\/\" id=\"btnsx-315\" target=\"_self\" class=\"btnsx-btn btnsx-btn-embossed\"  data-font-primary=\"Inherit\">\n\t<span class=\"btnsx-text-primary \">Questions les plus pos\u00e9es...<\/span><\/a>\n\n<!-- Buttons X - End -->\n\n<h3 style=\"text-align: left;\"><\/h3>\n<\/div>\n<\/div>\n<p>&nbsp;<\/p>\n","protected":false},"excerpt":{"rendered":"<p>Depuis toujours je r\u00eave de faire le tour du monde, et plus pr\u00e9cis\u00e9ment depuis&nbsp; 5-6 ans mon projet de voyage s&rsquo;est pr\u00e9cis\u00e9. Dur de le faire d\u00e9coller mais le moment est enfin arriv\u00e9. Quand je voyage, ce qui me pla\u00eet le plus c&rsquo;est de rencontrer de nouvelles personnes dont la culture diff\u00e8re de la mienne [&hellip;]<\/p>\n","protected":false},"author":1,"featured_media":0,"parent":0,"menu_order":0,"comment_status":"closed","ping_status":"closed","template":"","meta":{"sfsi_plus_gutenberg_text_before_share":"","sfsi_plus_gutenberg_show_text_before_share":"","sfsi_plus_gutenberg_icon_type":"","sfsi_plus_gutenberg_icon_alignemt":"","sfsi_plus_gutenburg_max_per_row":"","_exactmetrics_skip_tracking":false,"_exactmetrics_sitenote_active":false,"_exactmetrics_sitenote_note":"","_exactmetrics_sitenote_category":0,"footnotes":""},"tags":[],"class_list":["post-62","page","type-page","status-publish","hentry"],"post_mailing_queue_ids":[],"_links":{"self":[{"href":"https:\/\/voyage-partage.fr\/index.php\/wp-json\/wp\/v2\/pages\/62","targetHints":{"allow":["GET"]}}],"collection":[{"href":"https:\/\/voyage-partage.fr\/index.php\/wp-json\/wp\/v2\/pages"}],"about":[{"href":"https:\/\/voyage-partage.fr\/index.php\/wp-json\/wp\/v2\/types\/page"}],"author":[{"embeddable":true,"href":"https:\/\/voyage-partage.fr\/index.php\/wp-json\/wp\/v2\/users\/1"}],"replies":[{"embeddable":true,"href":"https:\/\/voyage-partage.fr\/index.php\/wp-json\/wp\/v2\/comments?post=62"}],"version-history":[{"count":36,"href":"https:\/\/voyage-partage.fr\/index.php\/wp-json\/wp\/v2\/pages\/62\/revisions"}],"predecessor-version":[{"id":1452,"href":"https:\/\/voyage-partage.fr\/index.php\/wp-json\/wp\/v2\/pages\/62\/revisions\/1452"}],"wp:attachment":[{"href":"https:\/\/voyage-partage.fr\/index.php\/wp-json\/wp\/v2\/media?parent=62"}],"wp:term":[{"taxonomy":"post_tag","embeddable":true,"href":"https:\/\/voyage-partage.fr\/index.php\/wp-json\/wp\/v2\/tags?post=62"}],"curies":[{"name":"wp","href":"https:\/\/api.w.org\/{rel}","templated":true}]}}