{"id":682,"date":"2018-05-13T18:55:10","date_gmt":"2018-05-13T17:55:10","guid":{"rendered":"https:\/\/voyage-partage.fr\/?page_id=682"},"modified":"2018-08-18T20:25:35","modified_gmt":"2018-08-18T19:25:35","slug":"les-besoins","status":"publish","type":"page","link":"https:\/\/voyage-partage.fr\/index.php\/me-soutenir\/les-besoins\/","title":{"rendered":"Les besoins"},"content":{"rendered":"<p>Voici une petite liste loin d\u2019\u00eatre exhaustive des besoins que je\u00a0vais\u00a0rencontrer durant le voyage. Si jamais vous avez la possibilit\u00e9 de me fournir certains objets (m\u00eame d&rsquo;occasion !) ou certaines de vos comp\u00e9tences, je vous serais \u00e9ternellement reconnaissante ! Cette liste \u00e9voluera au fil de la pr\u00e9paration et du voyage. Si vous avez d\u2019autres id\u00e9e pour m\u2019aider dans la r\u00e9alisation du projet, je suis toute ou\u00efe. Et vous pouvez bien s\u00fbr si vous le souhaitez me soutenir financi\u00e8rement via\u00a0<a href=\"https:\/\/voyage-partage.fr\/index.php\/me-soutenir\/fais-ta-science\/\">mon association<\/a>.<\/p>\n<h5>Du mat\u00e9riel et des services<\/h5>\n<p><span style=\"color: #ffcc00;\">&#8211; Pour le voyage &#8211;<\/span><\/p>\n\n\t\t<style type=\"text\/css\">\n\t\t\t#gallery-1 {\n\t\t\t\tmargin: auto;\n\t\t\t}\n\t\t\t#gallery-1 .gallery-item {\n\t\t\t\tfloat: left;\n\t\t\t\tmargin-top: 10px;\n\t\t\t\ttext-align: center;\n\t\t\t\twidth: 33%;\n\t\t\t}\n\t\t\t#gallery-1 img {\n\t\t\t\tborder: 2px solid #cfcfcf;\n\t\t\t}\n\t\t\t#gallery-1 .gallery-caption {\n\t\t\t\tmargin-left: 0;\n\t\t\t}\n\t\t\t\/* see gallery_shortcode() in wp-includes\/media.php *\/\n\t\t<\/style>\n\t\t<div id='gallery-1' class='gallery galleryid-682 gallery-columns-3 gallery-size-thumbnail'><dl class='gallery-item'>\n\t\t\t<dt class='gallery-icon landscape'>\n\t\t\t\t<a href='https:\/\/voyage-partage.fr\/wp-content\/uploads\/2018\/05\/chiang-mai-1679325_960_720.jpg' title=\"\" data-rl_title=\"\" class=\"rl-gallery-link\" data-rl_caption=\"\" data-rel=\"lightbox-gallery-1\"><img loading=\"lazy\" decoding=\"async\" width=\"150\" height=\"150\" src=\"https:\/\/voyage-partage.fr\/wp-content\/uploads\/2018\/05\/chiang-mai-1679325_960_720-150x150.jpg\" class=\"attachment-thumbnail size-thumbnail\" alt=\"\" srcset=\"https:\/\/voyage-partage.fr\/wp-content\/uploads\/2018\/05\/chiang-mai-1679325_960_720-150x150.jpg 150w, https:\/\/voyage-partage.fr\/wp-content\/uploads\/2018\/05\/chiang-mai-1679325_960_720-144x144.jpg 144w, https:\/\/voyage-partage.fr\/wp-content\/uploads\/2018\/05\/chiang-mai-1679325_960_720-120x120.jpg 120w\" sizes=\"auto, (max-width: 150px) 100vw, 150px\" \/><\/a>\n\t\t\t<\/dt><\/dl><dl class='gallery-item'>\n\t\t\t<dt class='gallery-icon landscape'>\n\t\t\t\t<a href='https:\/\/voyage-partage.fr\/wp-content\/uploads\/2018\/05\/billets_avion_910.jpg' title=\"\" data-rl_title=\"\" class=\"rl-gallery-link\" data-rl_caption=\"\" data-rel=\"lightbox-gallery-1\"><img loading=\"lazy\" decoding=\"async\" width=\"150\" height=\"150\" src=\"https:\/\/voyage-partage.fr\/wp-content\/uploads\/2018\/05\/billets_avion_910-150x150.jpg\" class=\"attachment-thumbnail size-thumbnail\" alt=\"\" srcset=\"https:\/\/voyage-partage.fr\/wp-content\/uploads\/2018\/05\/billets_avion_910-150x150.jpg 150w, https:\/\/voyage-partage.fr\/wp-content\/uploads\/2018\/05\/billets_avion_910-144x144.jpg 144w, https:\/\/voyage-partage.fr\/wp-content\/uploads\/2018\/05\/billets_avion_910-120x120.jpg 120w\" sizes=\"auto, (max-width: 150px) 100vw, 150px\" \/><\/a>\n\t\t\t<\/dt><\/dl><dl class='gallery-item'>\n\t\t\t<dt class='gallery-icon landscape'>\n\t\t\t\t<a href='https:\/\/voyage-partage.fr\/wp-content\/uploads\/2018\/07\/te\u0301le\u0301chargement-1-1.jpeg' title=\"\" data-rl_title=\"\" class=\"rl-gallery-link\" data-rl_caption=\"\" data-rel=\"lightbox-gallery-1\"><img loading=\"lazy\" decoding=\"async\" width=\"150\" height=\"150\" src=\"https:\/\/voyage-partage.fr\/wp-content\/uploads\/2018\/07\/te\u0301le\u0301chargement-1-1-150x150.jpeg\" class=\"attachment-thumbnail size-thumbnail\" alt=\"\" srcset=\"https:\/\/voyage-partage.fr\/wp-content\/uploads\/2018\/07\/te\u0301le\u0301chargement-1-1-150x150.jpeg 150w, https:\/\/voyage-partage.fr\/wp-content\/uploads\/2018\/07\/te\u0301le\u0301chargement-1-1-144x144.jpeg 144w, https:\/\/voyage-partage.fr\/wp-content\/uploads\/2018\/07\/te\u0301le\u0301chargement-1-1-120x120.jpeg 120w, https:\/\/voyage-partage.fr\/wp-content\/uploads\/2018\/07\/te\u0301le\u0301chargement-1-1.jpeg 300w\" sizes=\"auto, (max-width: 150px) 100vw, 150px\" \/><\/a>\n\t\t\t<\/dt><\/dl><br style=\"clear: both\" \/><dl class='gallery-item'>\n\t\t\t<dt class='gallery-icon portrait'>\n\t\t\t\t<a href='https:\/\/voyage-partage.fr\/wp-content\/uploads\/2018\/07\/admin-ajax.jpeg' title=\"\" data-rl_title=\"\" class=\"rl-gallery-link\" data-rl_caption=\"\" data-rel=\"lightbox-gallery-1\"><img loading=\"lazy\" decoding=\"async\" width=\"150\" height=\"150\" src=\"https:\/\/voyage-partage.fr\/wp-content\/uploads\/2018\/07\/admin-ajax-150x150.jpeg\" class=\"attachment-thumbnail size-thumbnail\" alt=\"\" srcset=\"https:\/\/voyage-partage.fr\/wp-content\/uploads\/2018\/07\/admin-ajax-150x150.jpeg 150w, https:\/\/voyage-partage.fr\/wp-content\/uploads\/2018\/07\/admin-ajax-144x144.jpeg 144w, https:\/\/voyage-partage.fr\/wp-content\/uploads\/2018\/07\/admin-ajax-120x120.jpeg 120w\" sizes=\"auto, (max-width: 150px) 100vw, 150px\" \/><\/a>\n\t\t\t<\/dt><\/dl><dl class='gallery-item'>\n\t\t\t<dt class='gallery-icon landscape'>\n\t\t\t\t<a href='https:\/\/voyage-partage.fr\/wp-content\/uploads\/2018\/08\/admin-ajax.png' title=\"\" data-rl_title=\"\" class=\"rl-gallery-link\" data-rl_caption=\"\" data-rel=\"lightbox-gallery-1\"><img loading=\"lazy\" decoding=\"async\" width=\"150\" height=\"150\" src=\"https:\/\/voyage-partage.fr\/wp-content\/uploads\/2018\/08\/admin-ajax-150x150.png\" class=\"attachment-thumbnail size-thumbnail\" alt=\"\" srcset=\"https:\/\/voyage-partage.fr\/wp-content\/uploads\/2018\/08\/admin-ajax-150x150.png 150w, https:\/\/voyage-partage.fr\/wp-content\/uploads\/2018\/08\/admin-ajax-144x144.png 144w, https:\/\/voyage-partage.fr\/wp-content\/uploads\/2018\/08\/admin-ajax-120x120.png 120w\" sizes=\"auto, (max-width: 150px) 100vw, 150px\" \/><\/a>\n\t\t\t<\/dt><\/dl><dl class='gallery-item'>\n\t\t\t<dt class='gallery-icon landscape'>\n\t\t\t\t<a href='https:\/\/voyage-partage.fr\/wp-content\/uploads\/2018\/05\/SI356910001-photo1.jpg' title=\"\" data-rl_title=\"\" class=\"rl-gallery-link\" data-rl_caption=\"\" data-rel=\"lightbox-gallery-1\"><img loading=\"lazy\" decoding=\"async\" width=\"150\" height=\"150\" src=\"https:\/\/voyage-partage.fr\/wp-content\/uploads\/2018\/05\/SI356910001-photo1-150x150.jpg\" class=\"attachment-thumbnail size-thumbnail\" alt=\"\" srcset=\"https:\/\/voyage-partage.fr\/wp-content\/uploads\/2018\/05\/SI356910001-photo1-150x150.jpg 150w, https:\/\/voyage-partage.fr\/wp-content\/uploads\/2018\/05\/SI356910001-photo1-144x144.jpg 144w, https:\/\/voyage-partage.fr\/wp-content\/uploads\/2018\/05\/SI356910001-photo1-120x120.jpg 120w, https:\/\/voyage-partage.fr\/wp-content\/uploads\/2018\/05\/SI356910001-photo1.jpg 300w\" sizes=\"auto, (max-width: 150px) 100vw, 150px\" \/><\/a>\n\t\t\t<\/dt><\/dl><br style=\"clear: both\" \/>\n\t\t<\/div>\n\n<p>\u2610 Des r\u00e9ductions ou la gratuit\u00e9 sur les moyens de transports (avions, bateaux)<br \/>\n\u2610 Logement<br \/>\n<span style=\"color: #06c906;\">\u2713<\/span> Une <a href=\"https:\/\/www.amazon.fr\/dp\/B014QZYZ0U\/ref=asc_df_B014QZYZ0U52655382\/?tag=googshopfr-21&amp;creative=22698&amp;creativeASIN=B014QZYZ0U&amp;linkCode=df0&amp;hvdev=c&amp;hvnetw=g&amp;hvqmt=\" target=\"_blank\" rel=\"noopener\">paille<\/a> pour boire l&rsquo;eau contamin\u00e9e<br \/>\n\u2610 Des pastilles pour d\u00e9sinfecter l&rsquo;eau<br \/>\n<span style=\"color: #06c906;\">\u2713<\/span> Un zippo<br \/>\n<span style=\"color: #06c906;\">\u2713<\/span> Un couteau suisse<br \/>\n\u2610\u00a0<span style=\"font-weight: 400;\">Une boussole d\u2019orientation<\/span><\/p>\n<p><span style=\"color: #ffcc00;\">&#8211; Pour concevoir et monter l\u2019expo &#8211;<\/span><\/p>\n\n\t\t<style type=\"text\/css\">\n\t\t\t#gallery-2 {\n\t\t\t\tmargin: auto;\n\t\t\t}\n\t\t\t#gallery-2 .gallery-item {\n\t\t\t\tfloat: left;\n\t\t\t\tmargin-top: 10px;\n\t\t\t\ttext-align: center;\n\t\t\t\twidth: 33%;\n\t\t\t}\n\t\t\t#gallery-2 img {\n\t\t\t\tborder: 2px solid #cfcfcf;\n\t\t\t}\n\t\t\t#gallery-2 .gallery-caption {\n\t\t\t\tmargin-left: 0;\n\t\t\t}\n\t\t\t\/* see gallery_shortcode() in wp-includes\/media.php *\/\n\t\t<\/style>\n\t\t<div id='gallery-2' class='gallery galleryid-682 gallery-columns-3 gallery-size-thumbnail'><dl class='gallery-item'>\n\t\t\t<dt class='gallery-icon landscape'>\n\t\t\t\t<a href='https:\/\/voyage-partage.fr\/wp-content\/uploads\/2018\/05\/x-banner-80-x-200-cm.jpg' title=\"\" data-rl_title=\"\" class=\"rl-gallery-link\" data-rl_caption=\"\" data-rel=\"lightbox-gallery-2\"><img loading=\"lazy\" decoding=\"async\" width=\"150\" height=\"150\" src=\"https:\/\/voyage-partage.fr\/wp-content\/uploads\/2018\/05\/x-banner-80-x-200-cm-150x150.jpg\" class=\"attachment-thumbnail size-thumbnail\" alt=\"\" srcset=\"https:\/\/voyage-partage.fr\/wp-content\/uploads\/2018\/05\/x-banner-80-x-200-cm-150x150.jpg 150w, https:\/\/voyage-partage.fr\/wp-content\/uploads\/2018\/05\/x-banner-80-x-200-cm-300x300.jpg 300w, https:\/\/voyage-partage.fr\/wp-content\/uploads\/2018\/05\/x-banner-80-x-200-cm-144x144.jpg 144w, https:\/\/voyage-partage.fr\/wp-content\/uploads\/2018\/05\/x-banner-80-x-200-cm-120x120.jpg 120w, https:\/\/voyage-partage.fr\/wp-content\/uploads\/2018\/05\/x-banner-80-x-200-cm.jpg 458w\" sizes=\"auto, (max-width: 150px) 100vw, 150px\" \/><\/a>\n\t\t\t<\/dt><\/dl><dl class='gallery-item'>\n\t\t\t<dt class='gallery-icon landscape'>\n\t\t\t\t<a href='https:\/\/voyage-partage.fr\/wp-content\/uploads\/2018\/05\/Asus-VivoBook-E203NAH-FD045-faceg.jpg' title=\"\" data-rl_title=\"\" class=\"rl-gallery-link\" data-rl_caption=\"\" data-rel=\"lightbox-gallery-2\"><img loading=\"lazy\" decoding=\"async\" width=\"150\" height=\"150\" src=\"https:\/\/voyage-partage.fr\/wp-content\/uploads\/2018\/05\/Asus-VivoBook-E203NAH-FD045-faceg-150x150.jpg\" class=\"attachment-thumbnail size-thumbnail\" alt=\"\" srcset=\"https:\/\/voyage-partage.fr\/wp-content\/uploads\/2018\/05\/Asus-VivoBook-E203NAH-FD045-faceg-150x150.jpg 150w, https:\/\/voyage-partage.fr\/wp-content\/uploads\/2018\/05\/Asus-VivoBook-E203NAH-FD045-faceg-144x144.jpg 144w, https:\/\/voyage-partage.fr\/wp-content\/uploads\/2018\/05\/Asus-VivoBook-E203NAH-FD045-faceg-120x120.jpg 120w\" sizes=\"auto, (max-width: 150px) 100vw, 150px\" \/><\/a>\n\t\t\t<\/dt><\/dl><dl class='gallery-item'>\n\t\t\t<dt class='gallery-icon landscape'>\n\t\t\t\t<a href='https:\/\/voyage-partage.fr\/wp-content\/uploads\/2018\/05\/Sport-Cam-ra-Tr-pied-Mini-Stand-Flexible-T-lescopique-tayage-Colonne-support-Tr-pied-Poulpe.jpg_640x640.jpg' title=\"\" data-rl_title=\"\" class=\"rl-gallery-link\" data-rl_caption=\"\" data-rel=\"lightbox-gallery-2\"><img loading=\"lazy\" decoding=\"async\" width=\"150\" height=\"150\" src=\"https:\/\/voyage-partage.fr\/wp-content\/uploads\/2018\/05\/Sport-Cam-ra-Tr-pied-Mini-Stand-Flexible-T-lescopique-tayage-Colonne-support-Tr-pied-Poulpe.jpg_640x640-150x150.jpg\" class=\"attachment-thumbnail size-thumbnail\" alt=\"\" srcset=\"https:\/\/voyage-partage.fr\/wp-content\/uploads\/2018\/05\/Sport-Cam-ra-Tr-pied-Mini-Stand-Flexible-T-lescopique-tayage-Colonne-support-Tr-pied-Poulpe.jpg_640x640-150x150.jpg 150w, https:\/\/voyage-partage.fr\/wp-content\/uploads\/2018\/05\/Sport-Cam-ra-Tr-pied-Mini-Stand-Flexible-T-lescopique-tayage-Colonne-support-Tr-pied-Poulpe.jpg_640x640-300x300.jpg 300w, https:\/\/voyage-partage.fr\/wp-content\/uploads\/2018\/05\/Sport-Cam-ra-Tr-pied-Mini-Stand-Flexible-T-lescopique-tayage-Colonne-support-Tr-pied-Poulpe.jpg_640x640-144x144.jpg 144w, https:\/\/voyage-partage.fr\/wp-content\/uploads\/2018\/05\/Sport-Cam-ra-Tr-pied-Mini-Stand-Flexible-T-lescopique-tayage-Colonne-support-Tr-pied-Poulpe.jpg_640x640-120x120.jpg 120w, https:\/\/voyage-partage.fr\/wp-content\/uploads\/2018\/05\/Sport-Cam-ra-Tr-pied-Mini-Stand-Flexible-T-lescopique-tayage-Colonne-support-Tr-pied-Poulpe.jpg_640x640.jpg 640w\" sizes=\"auto, (max-width: 150px) 100vw, 150px\" \/><\/a>\n\t\t\t<\/dt><\/dl><br style=\"clear: both\" \/><dl class='gallery-item'>\n\t\t\t<dt class='gallery-icon landscape'>\n\t\t\t\t<a href='https:\/\/voyage-partage.fr\/wp-content\/uploads\/2018\/07\/epow-8000mah-batterie-solaire-1-copie-1.jpg' title=\"\" data-rl_title=\"\" class=\"rl-gallery-link\" data-rl_caption=\"\" data-rel=\"lightbox-gallery-2\"><img loading=\"lazy\" decoding=\"async\" width=\"150\" height=\"150\" src=\"https:\/\/voyage-partage.fr\/wp-content\/uploads\/2018\/07\/epow-8000mah-batterie-solaire-1-copie-1-150x150.jpg\" class=\"attachment-thumbnail size-thumbnail\" alt=\"\" srcset=\"https:\/\/voyage-partage.fr\/wp-content\/uploads\/2018\/07\/epow-8000mah-batterie-solaire-1-copie-1-150x150.jpg 150w, https:\/\/voyage-partage.fr\/wp-content\/uploads\/2018\/07\/epow-8000mah-batterie-solaire-1-copie-1-300x300.jpg 300w, https:\/\/voyage-partage.fr\/wp-content\/uploads\/2018\/07\/epow-8000mah-batterie-solaire-1-copie-1-144x144.jpg 144w, https:\/\/voyage-partage.fr\/wp-content\/uploads\/2018\/07\/epow-8000mah-batterie-solaire-1-copie-1.jpg 600w, https:\/\/voyage-partage.fr\/wp-content\/uploads\/2018\/07\/epow-8000mah-batterie-solaire-1-copie-1-120x120.jpg 120w\" sizes=\"auto, (max-width: 150px) 100vw, 150px\" \/><\/a>\n\t\t\t<\/dt><\/dl><dl class='gallery-item'>\n\t\t\t<dt class='gallery-icon landscape'>\n\t\t\t\t<a href='https:\/\/voyage-partage.fr\/wp-content\/uploads\/2018\/05\/Pico-projecteur-sans-fil-PocketCinema-V150W.jpg' title=\"\" data-rl_title=\"\" class=\"rl-gallery-link\" data-rl_caption=\"\" data-rel=\"lightbox-gallery-2\"><img loading=\"lazy\" decoding=\"async\" width=\"150\" height=\"150\" src=\"https:\/\/voyage-partage.fr\/wp-content\/uploads\/2018\/05\/Pico-projecteur-sans-fil-PocketCinema-V150W-150x150.jpg\" class=\"attachment-thumbnail size-thumbnail\" alt=\"\" srcset=\"https:\/\/voyage-partage.fr\/wp-content\/uploads\/2018\/05\/Pico-projecteur-sans-fil-PocketCinema-V150W-150x150.jpg 150w, https:\/\/voyage-partage.fr\/wp-content\/uploads\/2018\/05\/Pico-projecteur-sans-fil-PocketCinema-V150W-300x300.jpg 300w, https:\/\/voyage-partage.fr\/wp-content\/uploads\/2018\/05\/Pico-projecteur-sans-fil-PocketCinema-V150W-144x144.jpg 144w, https:\/\/voyage-partage.fr\/wp-content\/uploads\/2018\/05\/Pico-projecteur-sans-fil-PocketCinema-V150W-120x120.jpg 120w, https:\/\/voyage-partage.fr\/wp-content\/uploads\/2018\/05\/Pico-projecteur-sans-fil-PocketCinema-V150W.jpg 340w\" sizes=\"auto, (max-width: 150px) 100vw, 150px\" \/><\/a>\n\t\t\t<\/dt><\/dl><dl class='gallery-item'>\n\t\t\t<dt class='gallery-icon landscape'>\n\t\t\t\t<a href='https:\/\/voyage-partage.fr\/wp-content\/uploads\/2018\/07\/gopro-hero-5-black-camera-de-sportvert-1.jpg' title=\"\" data-rl_title=\"\" class=\"rl-gallery-link\" data-rl_caption=\"\" data-rel=\"lightbox-gallery-2\"><img loading=\"lazy\" decoding=\"async\" width=\"150\" height=\"150\" src=\"https:\/\/voyage-partage.fr\/wp-content\/uploads\/2018\/07\/gopro-hero-5-black-camera-de-sportvert-1-150x150.jpg\" class=\"attachment-thumbnail size-thumbnail\" alt=\"\" srcset=\"https:\/\/voyage-partage.fr\/wp-content\/uploads\/2018\/07\/gopro-hero-5-black-camera-de-sportvert-1-150x150.jpg 150w, https:\/\/voyage-partage.fr\/wp-content\/uploads\/2018\/07\/gopro-hero-5-black-camera-de-sportvert-1-300x300.jpg 300w, https:\/\/voyage-partage.fr\/wp-content\/uploads\/2018\/07\/gopro-hero-5-black-camera-de-sportvert-1-144x144.jpg 144w, https:\/\/voyage-partage.fr\/wp-content\/uploads\/2018\/07\/gopro-hero-5-black-camera-de-sportvert-1-120x120.jpg 120w, https:\/\/voyage-partage.fr\/wp-content\/uploads\/2018\/07\/gopro-hero-5-black-camera-de-sportvert-1.jpg 700w\" sizes=\"auto, (max-width: 150px) 100vw, 150px\" \/><\/a>\n\t\t\t<\/dt><\/dl><br style=\"clear: both\" \/>\n\t\t<\/div>\n\n<p>\u2610 Des panneaux <a href=\"https:\/\/www.google.fr\/search?q=x+banner&amp;rlz=1C5CHFA_enFR775FR775&amp;oq=x+banner&amp;aqs=chrome..69i57.1063j0j4&amp;sourceid=chrome&amp;ie=UTF-8\" target=\"_blank\" rel=\"noopener\">type X-banner<\/a> et leur impression<br \/>\n\u2610 Du mat\u00e9riel informatique l\u00e9ger type\u00a0<a href=\"https:\/\/www.asus.com\/fr\/Laptops\/ASUS-Vivobook-E200HA\/\" target=\"_blank\" rel=\"noopener\"><span style=\"font-weight: 400;\">asus vivo 11&Prime;<\/span><\/a><br \/>\n<span style=\"color: #06c906;\">\u2713<\/span> Cam\u00e9ra type gopro<br \/>\n\u2610 Caisson d&rsquo;immersion pour Go pro Hero 5 black<br \/>\n\u2610\u00a0Un <a href=\"https:\/\/www.01net.com\/tests\/picoprojecteurs\/\">picoprojecteur<\/a><span style=\"font-weight: 400;\">\u00a0pour montrer les vid\u00e9os<\/span><br \/>\n<span style=\"color: #06c906;\">\u2713<\/span> Une <a href=\"https:\/\/www.lesnumeriques.com\/chargeur-solaire\/comparatif-produits-a-panneau-solaire-photovoltaique-a1065.html\" target=\"_blank\" rel=\"noopener\">batterie solaire et un chargeur<\/a><br \/>\n\u2610 Une rotule 3d adaptable tr\u00e9pied photo Manfrotto pour filmer<br \/>\n<a href=\"https:\/\/www.amazon.fr\/tr%C3%A9pied-poulpe\/s?ie=UTF8&amp;page=1&amp;rh=i%3Aaps%2Ck%3Atr%C3%A9pied%20poulpe\" target=\"_blank\" rel=\"noopener\">\u2610 <\/a>Un<a href=\"https:\/\/www.amazon.fr\/tr%C3%A9pied-poulpe\/s?ie=UTF8&amp;page=1&amp;rh=i%3Aaps%2Ck%3Atr%C3%A9pied%20poulpe\" target=\"_blank\" rel=\"noopener\"> tr\u00e9pied poulpe<\/a><br \/>\n\u2610 La production de goodies pour les chercheurs (avec le nom de l&rsquo;exposition)<\/p>\n<h5>Des comp\u00e9tences plus que bienvenues<\/h5>\n<p><span style=\"color: #ffcc00;\">&#8211; Depuis chez vous &#8211;<\/span><br \/>\n\u2610 Vous vous y connaissez en wordpress et vous seriez d\u2019accord pour m\u2019aider quand cette sale b\u00eate ne veut pas faire ce que je lui demande.<br \/>\n\u2610 Vous pourriez analyser la version mobile du site et la rendre totalement responsive.<br \/>\n<span style=\"color: #06c906;\">\u2713<\/span> Vous vous y connaissez en javascript et pourriez m\u2019aider \u00e0 r\u00e9aliser une carte interactive.<br \/>\n<span style=\"color: #06c906;\">\u2713<\/span>\u00a0Vous connaissez bien l\u2019Afrique et ses modes de transports<br \/>\n\u2610 Vous seriez d&rsquo;accord pour traduire une partie du site \u00e0 distance.<\/p>\n<p><span style=\"color: #ffcc00;\">&#8211; Sur place &#8211;<br \/>\n<\/span><span style=\"color: #06c906;\">\u2713<\/span> Un photographe pour faire un book avant de partir pour le kit press<br \/>\n\u2610 Vous \u00eates traducteur dans un des pays que je visite<br \/>\n\u2610 Vous travaillez dans un organisme scientifique, une institution, une \u00e9cole\u2026\u00a0et \u00e7a vous dirait qu\u2019une des \u00e9tapes du projet se d\u00e9roule chez vous.<br \/>\n\u2610 Vous \u00eates ou vous conna\u00eetriez un skipper pouvant m&#8217;embarquer entre le S\u00e9n\u00e9gal et le Br\u00e9sil vers fin septembre 2019<br \/>\n\u2610 Vous \u00eates ou vous conna\u00eetriez une association ou un lieu public en Afrique pr\u00eat \u00e0 h\u00e9berger l&rsquo;exposition<\/p>\n<h5><\/h5>\n<p><a href=\"https:\/\/voyage-partage.fr\/index.php\/voyage-partage-le-projet\/les-partenaires\/\">D\u00e9couvrez qui fait d\u00e9j\u00e0 partis du projet<\/a><\/p>\n","protected":false},"excerpt":{"rendered":"<p>Voici une petite liste loin d\u2019\u00eatre exhaustive des besoins que je\u00a0vais\u00a0rencontrer durant le voyage. Si jamais vous avez la possibilit\u00e9 de me fournir certains objets (m\u00eame d&rsquo;occasion !) ou certaines de vos comp\u00e9tences, je vous serais \u00e9ternellement reconnaissante ! Cette liste \u00e9voluera au fil de la pr\u00e9paration et du voyage. Si vous avez d\u2019autres id\u00e9e [&hellip;]<\/p>\n","protected":false},"author":1,"featured_media":0,"parent":14,"menu_order":0,"comment_status":"closed","ping_status":"closed","template":"","meta":{"sfsi_plus_gutenberg_text_before_share":"","sfsi_plus_gutenberg_show_text_before_share":"","sfsi_plus_gutenberg_icon_type":"","sfsi_plus_gutenberg_icon_alignemt":"","sfsi_plus_gutenburg_max_per_row":"","_exactmetrics_skip_tracking":false,"_exactmetrics_sitenote_active":false,"_exactmetrics_sitenote_note":"","_exactmetrics_sitenote_category":0,"footnotes":""},"tags":[217,67,28],"class_list":["post-682","page","type-page","status-publish","hentry","tag-equipement","tag-materiel","tag-voyage"],"post_mailing_queue_ids":[],"_links":{"self":[{"href":"https:\/\/voyage-partage.fr\/index.php\/wp-json\/wp\/v2\/pages\/682","targetHints":{"allow":["GET"]}}],"collection":[{"href":"https:\/\/voyage-partage.fr\/index.php\/wp-json\/wp\/v2\/pages"}],"about":[{"href":"https:\/\/voyage-partage.fr\/index.php\/wp-json\/wp\/v2\/types\/page"}],"author":[{"embeddable":true,"href":"https:\/\/voyage-partage.fr\/index.php\/wp-json\/wp\/v2\/users\/1"}],"replies":[{"embeddable":true,"href":"https:\/\/voyage-partage.fr\/index.php\/wp-json\/wp\/v2\/comments?post=682"}],"version-history":[{"count":13,"href":"https:\/\/voyage-partage.fr\/index.php\/wp-json\/wp\/v2\/pages\/682\/revisions"}],"predecessor-version":[{"id":1011,"href":"https:\/\/voyage-partage.fr\/index.php\/wp-json\/wp\/v2\/pages\/682\/revisions\/1011"}],"up":[{"embeddable":true,"href":"https:\/\/voyage-partage.fr\/index.php\/wp-json\/wp\/v2\/pages\/14"}],"wp:attachment":[{"href":"https:\/\/voyage-partage.fr\/index.php\/wp-json\/wp\/v2\/media?parent=682"}],"wp:term":[{"taxonomy":"post_tag","embeddable":true,"href":"https:\/\/voyage-partage.fr\/index.php\/wp-json\/wp\/v2\/tags?post=682"}],"curies":[{"name":"wp","href":"https:\/\/api.w.org\/{rel}","templated":true}]}}