{"id":954,"date":"2018-07-31T18:53:09","date_gmt":"2018-07-31T17:53:09","guid":{"rendered":"https:\/\/voyage-partage.fr\/?page_id=954"},"modified":"2018-12-08T18:14:12","modified_gmt":"2018-12-08T17:14:12","slug":"les-partenaires","status":"publish","type":"page","link":"https:\/\/voyage-partage.fr\/index.php\/me-soutenir\/les-partenaires\/","title":{"rendered":"Les partenaires"},"content":{"rendered":"\n<h4 class=\"wp-block-heading\">Ils nous soutiennent :<\/h4>\n\n\n\n<p><\/p>\n\n\n\n<div class=\"wp-block-image\"><figure class=\"alignleft is-resized\"><img loading=\"lazy\" decoding=\"async\" src=\"https:\/\/voyage-partage.fr\/wp-content\/uploads\/2018\/11\/Double-logo.jpg\" alt=\"\" class=\"wp-image-1481\" width=\"232\" height=\"83\" srcset=\"https:\/\/voyage-partage.fr\/wp-content\/uploads\/2018\/11\/Double-logo.jpg 1021w, https:\/\/voyage-partage.fr\/wp-content\/uploads\/2018\/11\/Double-logo-300x108.jpg 300w, https:\/\/voyage-partage.fr\/wp-content\/uploads\/2018\/11\/Double-logo-768x278.jpg 768w\" sizes=\"auto, (max-width: 232px) 100vw, 232px\" \/><\/figure><\/div>\n\n\n\n<p><strong>Ambassade de France &#8211; Institut fran\u00e7ais. <\/strong><br>Voyage-partage b\u00e9n\u00e9ficie du soutien \u00a0de l\u2019Ambassade de France au Caire via l&rsquo;Institut fran\u00e7ais d\u2019Egypte. Ils financent une partie de la premi\u00e8re exposition du projet en Afrique. Plac\u00e9 sous la tutelle du\u00a0minist\u00e8re de l&rsquo;Europe et des Affaires \u00e9trang\u00e8res\u00a0et du\u00a0minist\u00e8re de la Culture,\u00a0 l&rsquo;Institut fran\u00e7ais est charg\u00e9, dans le cadre de la politique et des orientations arr\u00eat\u00e9es par l\u2019\u00c9tat, de porter une ambition renouvel\u00e9e pour la diplomatie d\u2019influence. Il doit contribuer au rayonnement de la France \u00e0 l\u2019\u00e9tranger dans un dialogue renforc\u00e9 avec les cultures \u00e9trang\u00e8res et r\u00e9pondre \u00e0 la demande de France dans une d\u00e9marche d\u2019\u00e9coute, de partenariat et d\u2019ouverture.\u00a0L\u2019Institut fran\u00e7ais d\u2019\u00c9gypte a ainsi pour mission de\u00a0contribuer au rayonnement de la culture, de la langue et de l\u2019expertise fran\u00e7aises en Egypte ;\u00a0\u00a0de renforcer la coop\u00e9ration entre l\u2019Egypte et la France dans tous les domaines : \u00e9ducatif et linguistique, culturel, universitaire, scientifique et technique.\u00a0<a href=\"http:\/\/institutfrancais-egypte.com\/\" target=\"_blank\" rel=\"noreferrer noopener\">http:\/\/institutfrancais-egypte.com\/<\/a><\/p>\n\n\n\n<div class=\"wp-block-image\"><figure class=\"alignleft is-resized\"><img loading=\"lazy\" decoding=\"async\" src=\"https:\/\/voyage-partage.fr\/wp-content\/uploads\/2018\/11\/Zewail-City.jpg\" alt=\"\" class=\"wp-image-1497\" width=\"224\" height=\"215\" srcset=\"https:\/\/voyage-partage.fr\/wp-content\/uploads\/2018\/11\/Zewail-City.jpg 960w, https:\/\/voyage-partage.fr\/wp-content\/uploads\/2018\/11\/Zewail-City-300x288.jpg 300w, https:\/\/voyage-partage.fr\/wp-content\/uploads\/2018\/11\/Zewail-City-768x736.jpg 768w\" sizes=\"auto, (max-width: 224px) 100vw, 224px\" \/><\/figure><\/div>\n\n\n\n<p><strong>Zewail city of science and technology <\/strong><br>C&rsquo;est l&rsquo;universit\u00e9 \u00e9gyptienne qui participe activement au projet via les chercheurs du Centre pour la photonique et les mat\u00e9riaux intelligents. L&rsquo;Universit\u00e9 des sciences et technologies, a \u00e9t\u00e9 cr\u00e9\u00e9e pour former une nouvelle g\u00e9n\u00e9ration de scientifiques et d&rsquo;entrepreneurs, capable de penser de mani\u00e8re critique et cr\u00e9ative, ma\u00eetrisant les sciences fondamentales et poss\u00e9dant une connaissance approfondie des domaines interdisciplinaires de l&rsquo;ing\u00e9nierie en sciences fondamentales et appliqu\u00e9es. Elle h\u00e9berge une collection d&rsquo;instituts de recherche \u00e0 la pointe de la technologie charg\u00e9s notamment de trouver des solutions aux probl\u00e9matiques \u00e9gyptiennes.&nbsp; Des recherches sont&nbsp; par exemple actuellement en cours pour trouver des sources d&rsquo;\u00e9nergie alternatives, notamment l&rsquo;\u00e9nergie solaire, que l&rsquo;Egypte poss\u00e8de en abondance.&nbsp;<a href=\"https:\/\/www.zewailcity.edu.eg\" target=\"_blank\" rel=\"noreferrer noopener\">https:\/\/www.zewailcity.edu.eg<\/a><\/p>\n\n\n\n<p><\/p>\n\n\n<p><img loading=\"lazy\" decoding=\"async\" class=\"alignleft wp-image-956 \" src=\"https:\/\/voyage-partage.fr\/wp-content\/uploads\/2018\/07\/Chapka-tag-300x88.png\" alt=\"\" width=\"245\" height=\"72\" srcset=\"https:\/\/voyage-partage.fr\/wp-content\/uploads\/2018\/07\/Chapka-tag-300x88.png 300w, https:\/\/voyage-partage.fr\/wp-content\/uploads\/2018\/07\/Chapka-tag-768x226.png 768w, https:\/\/voyage-partage.fr\/wp-content\/uploads\/2018\/07\/Chapka-tag-1024x301.png 1024w\" sizes=\"auto, (max-width: 245px) 100vw, 245px\" \/><\/p>\n<p><strong>Chapka Assurances<\/strong><br>Courtier sp\u00e9cialiste de l\u2019assurance voyage depuis 2002 et n\u00e9e d\u2019une volont\u00e9 de rendre l\u2019assurance accessible \u00e0 tous en rendant les contrats compr\u00e9hensibles, en simplifiant la souscription et en facilitant les remboursements, Chapka cr\u00e9e des solutions d\u2019assurance adapt\u00e9es aux besoins des professionnels du tourisme et des particuliers. <a href=\"http:\/\/www.chapkadirect.fr\" target=\"_blank\" rel=\"noopener\">www.chapkadirect.fr<\/a><\/p>\n<p><\/p>\n<p><strong><img loading=\"lazy\" decoding=\"async\" class=\"alignleft wp-image-961 \" src=\"https:\/\/voyage-partage.fr\/wp-content\/uploads\/2018\/07\/2016-Offgridsun-300x77.png\" alt=\"\" width=\"249\" height=\"64\" srcset=\"https:\/\/voyage-partage.fr\/wp-content\/uploads\/2018\/07\/2016-Offgridsun-300x77.png 300w, https:\/\/voyage-partage.fr\/wp-content\/uploads\/2018\/07\/2016-Offgridsun-768x198.png 768w, https:\/\/voyage-partage.fr\/wp-content\/uploads\/2018\/07\/2016-Offgridsun-1024x265.png 1024w, https:\/\/voyage-partage.fr\/wp-content\/uploads\/2018\/07\/2016-Offgridsun.png 1382w\" sizes=\"auto, (max-width: 249px) 100vw, 249px\" \/>OffgridSun<\/strong><br>Soci\u00e9t\u00e9 photovolta\u00efque italienne sp\u00e9cialis\u00e9e dans le d\u00e9veloppement, la conception, la fabrication et la commercialisation de technologies solaires de pointe, OffgridSun fournit un acc\u00e8s durable et abordable \u00e0 l\u2019\u00e9nergie dans les zones rurales du monde en d\u00e9veloppement ainsi que dans les zones avec un acc\u00e8s au r\u00e9seau \u00e9lectrique limit\u00e9. <a href=\"http:\/\/offgridsun.com\" target=\"_blank\" rel=\"noopener\">http:\/\/offgridsun.com<\/a><\/p>\n<p><\/p>\n<p><a href=\"https:\/\/voyage-partage.fr\/wp-content\/uploads\/2018\/07\/2016-Offgridsun.tif\"><img loading=\"lazy\" decoding=\"async\" class=\"alignleft size-large wp-image-955\" src=\"https:\/\/voyage-partage.fr\/wp-content\/uploads\/2018\/07\/2016-Offgridsun.tif\" alt=\"\" width=\"1\" height=\"1\"><\/a><\/p>\n<p><img loading=\"lazy\" decoding=\"async\" class=\"alignleft wp-image-957 \" src=\"https:\/\/voyage-partage.fr\/wp-content\/uploads\/2018\/07\/Logo-On-The-Green-Road-300x244.jpg\" alt=\"\" width=\"234\" height=\"190\" srcset=\"https:\/\/voyage-partage.fr\/wp-content\/uploads\/2018\/07\/Logo-On-The-Green-Road-300x244.jpg 300w, https:\/\/voyage-partage.fr\/wp-content\/uploads\/2018\/07\/Logo-On-The-Green-Road-768x625.jpg 768w, https:\/\/voyage-partage.fr\/wp-content\/uploads\/2018\/07\/Logo-On-The-Green-Road-1024x833.jpg 1024w, https:\/\/voyage-partage.fr\/wp-content\/uploads\/2018\/07\/Logo-On-The-Green-Road.jpg 1763w\" sizes=\"auto, (max-width: 234px) 100vw, 234px\" \/><strong>On the Green Road<\/strong><br>Apr\u00e8s avoir r\u00e9alis\u00e9 un documentaire dans 26 pays afin de sensibiliser le public \u00e0 la pr\u00e9servation de la plan\u00e8te, On The Green Road soutient les projets curieux du monde et des solutions qu\u2019il abrite. A travers des formations \u00e0 l\u2019audiovisuel de terrain, des conseils personnalis\u00e9s ainsi qu\u2019une aide \u00e0 la diffusion post-voyage, l\u2019association encourage les projets engag\u00e9s \u00e0 \u00e9clore et nourrit la vague de sensibilisation d\u00e9j\u00e0 en route. <a href=\"http:\/\/onthegreenroad.com\" target=\"_blank\" rel=\"noopener\">http:\/\/onthegreenroad.com<\/a><\/p>\n<p><\/p>\n<p><img loading=\"lazy\" decoding=\"async\" class=\"alignleft wp-image-958\" src=\"https:\/\/voyage-partage.fr\/wp-content\/uploads\/2018\/07\/logoSinfoni.jpg\" alt=\"\" width=\"263\" height=\"88\" srcset=\"https:\/\/voyage-partage.fr\/wp-content\/uploads\/2018\/07\/logoSinfoni.jpg 320w, https:\/\/voyage-partage.fr\/wp-content\/uploads\/2018\/07\/logoSinfoni-300x100.jpg 300w\" sizes=\"auto, (max-width: 263px) 100vw, 263px\" \/><strong>Sinfoni<\/strong><br>Soci\u00e9t\u00e9 informatique fran\u00e7aise bas\u00e9e \u00e0 Lille, Sinfoni IT d\u00e9veloppe des applications. Notamment l\u2019application BeeBip qui permet de traquer tout ordinateur vol\u00e9 ou perdu et d\u2019en s\u00e9curiser les donn\u00e9es, et l\u2019application de tra\u00e7abilit\u00e9 colis YouScan d\u00e9di\u00e9e au transport. <a href=\"http:\/\/www.sinfoni.fr\" target=\"_blank\" rel=\"noopener\">www.sinfoni.fr<\/a><\/p>","protected":false},"excerpt":{"rendered":"<p>Ils nous soutiennent : Ambassade de France &#8211; Institut fran\u00e7ais. Voyage-partage b\u00e9n\u00e9ficie du soutien \u00a0de l\u2019Ambassade de France au Caire via l&rsquo;Institut fran\u00e7ais d\u2019Egypte. Ils financent une partie de la premi\u00e8re exposition du projet en Afrique. Plac\u00e9 sous la tutelle du\u00a0minist\u00e8re de l&rsquo;Europe et des Affaires \u00e9trang\u00e8res\u00a0et du\u00a0minist\u00e8re de la Culture,\u00a0 l&rsquo;Institut fran\u00e7ais est charg\u00e9, [&hellip;]<\/p>\n","protected":false},"author":1,"featured_media":0,"parent":14,"menu_order":0,"comment_status":"closed","ping_status":"closed","template":"","meta":{"sfsi_plus_gutenberg_text_before_share":"","sfsi_plus_gutenberg_show_text_before_share":"","sfsi_plus_gutenberg_icon_type":"","sfsi_plus_gutenberg_icon_alignemt":"","sfsi_plus_gutenburg_max_per_row":"","_exactmetrics_skip_tracking":false,"_exactmetrics_sitenote_active":false,"_exactmetrics_sitenote_note":"","_exactmetrics_sitenote_category":0,"footnotes":""},"tags":[228,229,230,64,77,227],"class_list":["post-954","page","type-page","status-publish","hentry","tag-financement","tag-mecenat","tag-mecene","tag-partenaires","tag-soutien","tag-sponsors"],"post_mailing_queue_ids":[],"_links":{"self":[{"href":"https:\/\/voyage-partage.fr\/index.php\/wp-json\/wp\/v2\/pages\/954","targetHints":{"allow":["GET"]}}],"collection":[{"href":"https:\/\/voyage-partage.fr\/index.php\/wp-json\/wp\/v2\/pages"}],"about":[{"href":"https:\/\/voyage-partage.fr\/index.php\/wp-json\/wp\/v2\/types\/page"}],"author":[{"embeddable":true,"href":"https:\/\/voyage-partage.fr\/index.php\/wp-json\/wp\/v2\/users\/1"}],"replies":[{"embeddable":true,"href":"https:\/\/voyage-partage.fr\/index.php\/wp-json\/wp\/v2\/comments?post=954"}],"version-history":[{"count":18,"href":"https:\/\/voyage-partage.fr\/index.php\/wp-json\/wp\/v2\/pages\/954\/revisions"}],"predecessor-version":[{"id":1569,"href":"https:\/\/voyage-partage.fr\/index.php\/wp-json\/wp\/v2\/pages\/954\/revisions\/1569"}],"up":[{"embeddable":true,"href":"https:\/\/voyage-partage.fr\/index.php\/wp-json\/wp\/v2\/pages\/14"}],"wp:attachment":[{"href":"https:\/\/voyage-partage.fr\/index.php\/wp-json\/wp\/v2\/media?parent=954"}],"wp:term":[{"taxonomy":"post_tag","embeddable":true,"href":"https:\/\/voyage-partage.fr\/index.php\/wp-json\/wp\/v2\/tags?post=954"}],"curies":[{"name":"wp","href":"https:\/\/api.w.org\/{rel}","templated":true}]}}